{"id":92141,"date":"2023-03-31T13:59:37","date_gmt":"2023-03-31T11:59:37","guid":{"rendered":"https:\/\/kidsonthemoon.com\/?post_type=product&#038;p=92141"},"modified":"2025-08-06T09:00:51","modified_gmt":"2025-08-06T07:00:51","slug":"kamizelka-boho-blossom","status":"publish","type":"product","link":"https:\/\/kidsonthemoon.com\/pl\/produkt\/kamizelka-boho-blossom\/","title":{"rendered":"kamizelka boho Blossom"},"content":{"rendered":"","protected":false},"excerpt":{"rendered":"<p>Kr\u00f3tka damska, pikowana kamizelka w stylu boho. Na przodzie du\u017ce, dekoracyjne&nbsp; kieszenie. Prosty kr\u00f3j, delikatnie pikowana, w kolorach fioletu i turkusu. \u015awietnie wygl\u0105da w komplecie z koszul\u0105 lub sukienk\u0105 z tym samym pi\u0119knym kwiatowym printem. Idealny model do spakowania na wakacyjne podr\u00f3\u017ce, przyda si\u0119 podczas letnich wieczor\u00f3w.<\/p>\n<p>Sk\u0142ad: 42% bawe\u0142na, 58% poliester<\/p>\n<p>Pra\u0107 w 30\u00b0<em>C<\/em>, pranie delikatne<\/p>\n<p>Wymiary:<\/p>\n<p>d\u0142ugo\u015b\u0107 (od ramienia) &#8211; 52 cm<\/p>\n<p>szeroko\u015b\u0107 &#8211; 48 cm<\/p>\n<p>&nbsp;<\/p>\n","protected":false},"featured_media":97836,"template":"","meta":{"_themeisle_gutenberg_block_has_review":false},"product_cat":[749],"product_tag":[543],"acf":[],"yoast_head":"<!-- This site is optimized with the Yoast SEO plugin v21.2 - https:\/\/yoast.com\/wordpress\/plugins\/seo\/ -->\n<title>kamizelka boho Blossom - Kids on the Moon<\/title>\n<meta name=\"robots\" content=\"index, follow, max-snippet:-1, max-image-preview:large, max-video-preview:-1\" \/>\n<link rel=\"canonical\" href=\"https:\/\/kidsonthemoon.com\/pl\/produkt\/kamizelka-boho-blossom\/\" \/>\n<meta property=\"og:locale\" content=\"pl_PL\" \/>\n<meta property=\"og:type\" content=\"article\" \/>\n<meta property=\"og:title\" content=\"kamizelka boho Blossom - Kids on the Moon\" \/>\n<meta property=\"og:description\" content=\"Kr\u00f3tka damska, pikowana kamizelka w stylu boho. Na przodzie du\u017ce, dekoracyjne&nbsp; kieszenie. Prosty kr\u00f3j, delikatnie pikowana, w kolorach fioletu i turkusu. \u015awietnie wygl\u0105da w komplecie z koszul\u0105 lub sukienk\u0105 z tym samym pi\u0119knym kwiatowym printem. Idealny model do spakowania na wakacyjne podr\u00f3\u017ce, przyda si\u0119 podczas letnich wieczor\u00f3w.  Sk\u0142ad: 42% bawe\u0142na, 58% poliester  Pra\u0107 w 30\u00b0C, pranie delikatne  Wymiary:  d\u0142ugo\u015b\u0107 (od ramienia) - 52 cm  szeroko\u015b\u0107 - 48 cm  &nbsp;\" \/>\n<meta property=\"og:url\" content=\"https:\/\/kidsonthemoon.com\/pl\/produkt\/kamizelka-boho-blossom\/\" \/>\n<meta property=\"og:site_name\" content=\"Kids on the Moon\" \/>\n<meta property=\"article:publisher\" content=\"https:\/\/www.facebook.com\/Kids-on-the-Moon-223747864407076\" \/>\n<meta property=\"article:modified_time\" content=\"2025-08-06T07:00:51+00:00\" \/>\n<meta property=\"og:image\" content=\"https:\/\/kidsonthemoon.com\/wp-content\/uploads\/2023\/06\/6_1-kamizelka-_blossom-by-the-moon.jpg\" \/>\n\t<meta property=\"og:image:width\" content=\"1000\" \/>\n\t<meta property=\"og:image:height\" content=\"1400\" \/>\n\t<meta property=\"og:image:type\" content=\"image\/jpeg\" \/>\n<meta name=\"twitter:card\" content=\"summary_large_image\" \/>\n<script type=\"application\/ld+json\" class=\"yoast-schema-graph\">{\"@context\":\"https:\/\/schema.org\",\"@graph\":[{\"@type\":\"WebPage\",\"@id\":\"https:\/\/kidsonthemoon.com\/pl\/produkt\/kamizelka-boho-blossom\/\",\"url\":\"https:\/\/kidsonthemoon.com\/pl\/produkt\/kamizelka-boho-blossom\/\",\"name\":\"kamizelka boho Blossom - Kids on the Moon\",\"isPartOf\":{\"@id\":\"https:\/\/kidsonthemoon.com\/pl\/#website\"},\"datePublished\":\"2023-03-31T11:59:37+00:00\",\"dateModified\":\"2025-08-06T07:00:51+00:00\",\"breadcrumb\":{\"@id\":\"https:\/\/kidsonthemoon.com\/pl\/produkt\/kamizelka-boho-blossom\/#breadcrumb\"},\"inLanguage\":\"pl-PL\",\"potentialAction\":[{\"@type\":\"ReadAction\",\"target\":[\"https:\/\/kidsonthemoon.com\/pl\/produkt\/kamizelka-boho-blossom\/\"]}]},{\"@type\":\"BreadcrumbList\",\"@id\":\"https:\/\/kidsonthemoon.com\/pl\/produkt\/kamizelka-boho-blossom\/#breadcrumb\",\"itemListElement\":[{\"@type\":\"ListItem\",\"position\":1,\"name\":\"Strona g\u0142\u00f3wna\",\"item\":\"https:\/\/kidsonthemoon.com\/pl\/\"},{\"@type\":\"ListItem\",\"position\":2,\"name\":\"Sklep\",\"item\":\"https:\/\/kidsonthemoon.com\/pl\/sklep\/\"},{\"@type\":\"ListItem\",\"position\":3,\"name\":\"kamizelka boho Blossom\"}]},{\"@type\":\"WebSite\",\"@id\":\"https:\/\/kidsonthemoon.com\/pl\/#website\",\"url\":\"https:\/\/kidsonthemoon.com\/pl\/\",\"name\":\"Kids on the Moon\",\"description\":\"odpowiedzialna moda dla dzieci | sklep online dla dzieci\",\"publisher\":{\"@id\":\"https:\/\/kidsonthemoon.com\/pl\/#organization\"},\"potentialAction\":[{\"@type\":\"SearchAction\",\"target\":{\"@type\":\"EntryPoint\",\"urlTemplate\":\"https:\/\/kidsonthemoon.com\/pl\/?s={search_term_string}\"},\"query-input\":\"required name=search_term_string\"}],\"inLanguage\":\"pl-PL\"},{\"@type\":\"Organization\",\"@id\":\"https:\/\/kidsonthemoon.com\/pl\/#organization\",\"name\":\"Kids on the Moon\",\"url\":\"https:\/\/kidsonthemoon.com\/pl\/\",\"logo\":{\"@type\":\"ImageObject\",\"inLanguage\":\"pl-PL\",\"@id\":\"https:\/\/kidsonthemoon.com\/pl\/#\/schema\/logo\/image\/\",\"url\":\"https:\/\/kidsonthemoon.com\/wp-content\/uploads\/2021\/02\/kotm_logo.png\",\"contentUrl\":\"https:\/\/kidsonthemoon.com\/wp-content\/uploads\/2021\/02\/kotm_logo.png\",\"width\":410,\"height\":47,\"caption\":\"Kids on the Moon\"},\"image\":{\"@id\":\"https:\/\/kidsonthemoon.com\/pl\/#\/schema\/logo\/image\/\"},\"sameAs\":[\"https:\/\/www.facebook.com\/Kids-on-the-Moon-223747864407076\",\"https:\/\/www.instagram.com\/kidsonthemoon\/\",\"https:\/\/pl.pinterest.com\/kotm2013\/pins\/\"]}]}<\/script>\n<!-- \/ Yoast SEO plugin. -->","yoast_head_json":{"title":"kamizelka boho Blossom - Kids on the Moon","robots":{"index":"index","follow":"follow","max-snippet":"max-snippet:-1","max-image-preview":"max-image-preview:large","max-video-preview":"max-video-preview:-1"},"canonical":"https:\/\/kidsonthemoon.com\/pl\/produkt\/kamizelka-boho-blossom\/","og_locale":"pl_PL","og_type":"article","og_title":"kamizelka boho Blossom - Kids on the Moon","og_description":"Kr\u00f3tka damska, pikowana kamizelka w stylu boho. Na przodzie du\u017ce, dekoracyjne&nbsp; kieszenie. Prosty kr\u00f3j, delikatnie pikowana, w kolorach fioletu i turkusu. \u015awietnie wygl\u0105da w komplecie z koszul\u0105 lub sukienk\u0105 z tym samym pi\u0119knym kwiatowym printem. Idealny model do spakowania na wakacyjne podr\u00f3\u017ce, przyda si\u0119 podczas letnich wieczor\u00f3w.  Sk\u0142ad: 42% bawe\u0142na, 58% poliester  Pra\u0107 w 30\u00b0C, pranie delikatne  Wymiary:  d\u0142ugo\u015b\u0107 (od ramienia) - 52 cm  szeroko\u015b\u0107 - 48 cm  &nbsp;","og_url":"https:\/\/kidsonthemoon.com\/pl\/produkt\/kamizelka-boho-blossom\/","og_site_name":"Kids on the Moon","article_publisher":"https:\/\/www.facebook.com\/Kids-on-the-Moon-223747864407076","article_modified_time":"2025-08-06T07:00:51+00:00","og_image":[{"width":1000,"height":1400,"url":"https:\/\/kidsonthemoon.com\/wp-content\/uploads\/2023\/06\/6_1-kamizelka-_blossom-by-the-moon.jpg","type":"image\/jpeg"}],"twitter_card":"summary_large_image","schema":{"@context":"https:\/\/schema.org","@graph":[{"@type":"WebPage","@id":"https:\/\/kidsonthemoon.com\/pl\/produkt\/kamizelka-boho-blossom\/","url":"https:\/\/kidsonthemoon.com\/pl\/produkt\/kamizelka-boho-blossom\/","name":"kamizelka boho Blossom - Kids on the Moon","isPartOf":{"@id":"https:\/\/kidsonthemoon.com\/pl\/#website"},"datePublished":"2023-03-31T11:59:37+00:00","dateModified":"2025-08-06T07:00:51+00:00","breadcrumb":{"@id":"https:\/\/kidsonthemoon.com\/pl\/produkt\/kamizelka-boho-blossom\/#breadcrumb"},"inLanguage":"pl-PL","potentialAction":[{"@type":"ReadAction","target":["https:\/\/kidsonthemoon.com\/pl\/produkt\/kamizelka-boho-blossom\/"]}]},{"@type":"BreadcrumbList","@id":"https:\/\/kidsonthemoon.com\/pl\/produkt\/kamizelka-boho-blossom\/#breadcrumb","itemListElement":[{"@type":"ListItem","position":1,"name":"Strona g\u0142\u00f3wna","item":"https:\/\/kidsonthemoon.com\/pl\/"},{"@type":"ListItem","position":2,"name":"Sklep","item":"https:\/\/kidsonthemoon.com\/pl\/sklep\/"},{"@type":"ListItem","position":3,"name":"kamizelka boho Blossom"}]},{"@type":"WebSite","@id":"https:\/\/kidsonthemoon.com\/pl\/#website","url":"https:\/\/kidsonthemoon.com\/pl\/","name":"Kids on the Moon","description":"odpowiedzialna moda dla dzieci | sklep online dla dzieci","publisher":{"@id":"https:\/\/kidsonthemoon.com\/pl\/#organization"},"potentialAction":[{"@type":"SearchAction","target":{"@type":"EntryPoint","urlTemplate":"https:\/\/kidsonthemoon.com\/pl\/?s={search_term_string}"},"query-input":"required name=search_term_string"}],"inLanguage":"pl-PL"},{"@type":"Organization","@id":"https:\/\/kidsonthemoon.com\/pl\/#organization","name":"Kids on the Moon","url":"https:\/\/kidsonthemoon.com\/pl\/","logo":{"@type":"ImageObject","inLanguage":"pl-PL","@id":"https:\/\/kidsonthemoon.com\/pl\/#\/schema\/logo\/image\/","url":"https:\/\/kidsonthemoon.com\/wp-content\/uploads\/2021\/02\/kotm_logo.png","contentUrl":"https:\/\/kidsonthemoon.com\/wp-content\/uploads\/2021\/02\/kotm_logo.png","width":410,"height":47,"caption":"Kids on the Moon"},"image":{"@id":"https:\/\/kidsonthemoon.com\/pl\/#\/schema\/logo\/image\/"},"sameAs":["https:\/\/www.facebook.com\/Kids-on-the-Moon-223747864407076","https:\/\/www.instagram.com\/kidsonthemoon\/","https:\/\/pl.pinterest.com\/kotm2013\/pins\/"]}]}},"_links":{"self":[{"href":"https:\/\/kidsonthemoon.com\/pl\/wp-json\/wp\/v2\/product\/92141"}],"collection":[{"href":"https:\/\/kidsonthemoon.com\/pl\/wp-json\/wp\/v2\/product"}],"about":[{"href":"https:\/\/kidsonthemoon.com\/pl\/wp-json\/wp\/v2\/types\/product"}],"wp:featuredmedia":[{"embeddable":true,"href":"https:\/\/kidsonthemoon.com\/pl\/wp-json\/wp\/v2\/media\/97836"}],"wp:attachment":[{"href":"https:\/\/kidsonthemoon.com\/pl\/wp-json\/wp\/v2\/media?parent=92141"}],"wp:term":[{"taxonomy":"product_cat","embeddable":true,"href":"https:\/\/kidsonthemoon.com\/pl\/wp-json\/wp\/v2\/product_cat?post=92141"},{"taxonomy":"product_tag","embeddable":true,"href":"https:\/\/kidsonthemoon.com\/pl\/wp-json\/wp\/v2\/product_tag?post=92141"}],"curies":[{"name":"wp","href":"https:\/\/api.w.org\/{rel}","templated":true}]}}