{"id":95213,"date":"2023-05-10T17:22:49","date_gmt":"2023-05-10T15:22:49","guid":{"rendered":"https:\/\/kidsonthemoon.com\/?post_type=product&#038;p=95213"},"modified":"2026-03-31T09:10:03","modified_gmt":"2026-03-31T07:10:03","slug":"dzianinowa-bluzka-z-bufkami-angel","status":"publish","type":"product","link":"https:\/\/kidsonthemoon.com\/pl\/produkt\/dzianinowa-bluzka-z-bufkami-angel\/","title":{"rendered":"dzianinowa bluzka Angel z koronkowymi bufkami"},"content":{"rendered":"","protected":false},"excerpt":{"rendered":"<p>Bia\u0142a dziewcz\u0119ca bluzka z bawe\u0142nianej dzianiny po\u0142\u0105czonej z tkanin\u0105 koronkow\u0105. A\u017curowe, haftowane r\u0119kawy i karczek nadaj\u0105 jej romantycznego wygl\u0105du. Z ty\u0142u na karczku znajduj\u0105 si\u0119 guziki. Kr\u00f3tkie, lekko bufiaste r\u0119kawy, zako\u0144czone s\u0105 delikatn\u0105 gumk\u0105. Bluzeczka Angel, to urocza propozycja nie tylko na galowe szkolne uroczysto\u015bci;) W zestawieniu z szortami stworzy oryginalny letni look.<\/p>\n<p>Sk\u0142ad: 92% bawe\u0142na, 8% elastan, koronka: 100% bawe\u0142na<\/p>\n","protected":false},"featured_media":95323,"template":"","meta":{"_themeisle_gutenberg_block_has_review":false},"product_cat":[706,709],"product_tag":[798,522],"acf":[],"yoast_head":"<!-- This site is optimized with the Yoast SEO plugin v21.2 - https:\/\/yoast.com\/wordpress\/plugins\/seo\/ -->\n<title>dzianinowa bluzka Angel z koronkowymi bufkami - Kids on the Moon<\/title>\n<meta name=\"robots\" content=\"index, follow, max-snippet:-1, max-image-preview:large, max-video-preview:-1\" \/>\n<link rel=\"canonical\" href=\"https:\/\/kidsonthemoon.com\/pl\/produkt\/dzianinowa-bluzka-z-bufkami-angel\/\" \/>\n<meta property=\"og:locale\" content=\"pl_PL\" \/>\n<meta property=\"og:type\" content=\"article\" \/>\n<meta property=\"og:title\" content=\"dzianinowa bluzka Angel z koronkowymi bufkami - Kids on the Moon\" \/>\n<meta property=\"og:description\" content=\"Bia\u0142a dziewcz\u0119ca bluzka z bawe\u0142nianej dzianiny po\u0142\u0105czonej z tkanin\u0105 koronkow\u0105. A\u017curowe, haftowane r\u0119kawy i karczek nadaj\u0105 jej romantycznego wygl\u0105du. Z ty\u0142u na karczku znajduj\u0105 si\u0119 guziki. Kr\u00f3tkie, lekko bufiaste r\u0119kawy, zako\u0144czone s\u0105 delikatn\u0105 gumk\u0105. Bluzeczka Angel, to urocza propozycja nie tylko na galowe szkolne uroczysto\u015bci;) W zestawieniu z szortami stworzy oryginalny letni look.  Sk\u0142ad: 92% bawe\u0142na, 8% elastan, koronka: 100% bawe\u0142na\" \/>\n<meta property=\"og:url\" content=\"https:\/\/kidsonthemoon.com\/pl\/produkt\/dzianinowa-bluzka-z-bufkami-angel\/\" \/>\n<meta property=\"og:site_name\" content=\"Kids on the Moon\" \/>\n<meta property=\"article:publisher\" content=\"https:\/\/www.facebook.com\/Kids-on-the-Moon-223747864407076\" \/>\n<meta property=\"article:modified_time\" content=\"2026-03-31T07:10:03+00:00\" \/>\n<meta property=\"og:image\" content=\"https:\/\/kidsonthemoon.com\/wp-content\/uploads\/2023\/05\/82.jpg\" \/>\n\t<meta property=\"og:image:width\" content=\"1000\" \/>\n\t<meta property=\"og:image:height\" content=\"1400\" \/>\n\t<meta property=\"og:image:type\" content=\"image\/jpeg\" \/>\n<meta name=\"twitter:card\" content=\"summary_large_image\" \/>\n<script type=\"application\/ld+json\" class=\"yoast-schema-graph\">{\"@context\":\"https:\/\/schema.org\",\"@graph\":[{\"@type\":\"WebPage\",\"@id\":\"https:\/\/kidsonthemoon.com\/pl\/produkt\/dzianinowa-bluzka-z-bufkami-angel\/\",\"url\":\"https:\/\/kidsonthemoon.com\/pl\/produkt\/dzianinowa-bluzka-z-bufkami-angel\/\",\"name\":\"dzianinowa bluzka Angel z koronkowymi bufkami - Kids on the Moon\",\"isPartOf\":{\"@id\":\"https:\/\/kidsonthemoon.com\/pl\/#website\"},\"datePublished\":\"2023-05-10T15:22:49+00:00\",\"dateModified\":\"2026-03-31T07:10:03+00:00\",\"breadcrumb\":{\"@id\":\"https:\/\/kidsonthemoon.com\/pl\/produkt\/dzianinowa-bluzka-z-bufkami-angel\/#breadcrumb\"},\"inLanguage\":\"pl-PL\",\"potentialAction\":[{\"@type\":\"ReadAction\",\"target\":[\"https:\/\/kidsonthemoon.com\/pl\/produkt\/dzianinowa-bluzka-z-bufkami-angel\/\"]}]},{\"@type\":\"BreadcrumbList\",\"@id\":\"https:\/\/kidsonthemoon.com\/pl\/produkt\/dzianinowa-bluzka-z-bufkami-angel\/#breadcrumb\",\"itemListElement\":[{\"@type\":\"ListItem\",\"position\":1,\"name\":\"Strona g\u0142\u00f3wna\",\"item\":\"https:\/\/kidsonthemoon.com\/pl\/\"},{\"@type\":\"ListItem\",\"position\":2,\"name\":\"Sklep\",\"item\":\"https:\/\/kidsonthemoon.com\/pl\/sklep\/\"},{\"@type\":\"ListItem\",\"position\":3,\"name\":\"dzianinowa bluzka Angel z koronkowymi bufkami\"}]},{\"@type\":\"WebSite\",\"@id\":\"https:\/\/kidsonthemoon.com\/pl\/#website\",\"url\":\"https:\/\/kidsonthemoon.com\/pl\/\",\"name\":\"Kids on the Moon\",\"description\":\"odpowiedzialna moda dla dzieci | sklep online dla dzieci\",\"publisher\":{\"@id\":\"https:\/\/kidsonthemoon.com\/pl\/#organization\"},\"potentialAction\":[{\"@type\":\"SearchAction\",\"target\":{\"@type\":\"EntryPoint\",\"urlTemplate\":\"https:\/\/kidsonthemoon.com\/pl\/?s={search_term_string}\"},\"query-input\":\"required name=search_term_string\"}],\"inLanguage\":\"pl-PL\"},{\"@type\":\"Organization\",\"@id\":\"https:\/\/kidsonthemoon.com\/pl\/#organization\",\"name\":\"Kids on the Moon\",\"url\":\"https:\/\/kidsonthemoon.com\/pl\/\",\"logo\":{\"@type\":\"ImageObject\",\"inLanguage\":\"pl-PL\",\"@id\":\"https:\/\/kidsonthemoon.com\/pl\/#\/schema\/logo\/image\/\",\"url\":\"https:\/\/kidsonthemoon.com\/wp-content\/uploads\/2021\/02\/kotm_logo.png\",\"contentUrl\":\"https:\/\/kidsonthemoon.com\/wp-content\/uploads\/2021\/02\/kotm_logo.png\",\"width\":410,\"height\":47,\"caption\":\"Kids on the Moon\"},\"image\":{\"@id\":\"https:\/\/kidsonthemoon.com\/pl\/#\/schema\/logo\/image\/\"},\"sameAs\":[\"https:\/\/www.facebook.com\/Kids-on-the-Moon-223747864407076\",\"https:\/\/www.instagram.com\/kidsonthemoon\/\",\"https:\/\/pl.pinterest.com\/kotm2013\/pins\/\"]}]}<\/script>\n<!-- \/ Yoast SEO plugin. -->","yoast_head_json":{"title":"dzianinowa bluzka Angel z koronkowymi bufkami - Kids on the Moon","robots":{"index":"index","follow":"follow","max-snippet":"max-snippet:-1","max-image-preview":"max-image-preview:large","max-video-preview":"max-video-preview:-1"},"canonical":"https:\/\/kidsonthemoon.com\/pl\/produkt\/dzianinowa-bluzka-z-bufkami-angel\/","og_locale":"pl_PL","og_type":"article","og_title":"dzianinowa bluzka Angel z koronkowymi bufkami - Kids on the Moon","og_description":"Bia\u0142a dziewcz\u0119ca bluzka z bawe\u0142nianej dzianiny po\u0142\u0105czonej z tkanin\u0105 koronkow\u0105. A\u017curowe, haftowane r\u0119kawy i karczek nadaj\u0105 jej romantycznego wygl\u0105du. Z ty\u0142u na karczku znajduj\u0105 si\u0119 guziki. Kr\u00f3tkie, lekko bufiaste r\u0119kawy, zako\u0144czone s\u0105 delikatn\u0105 gumk\u0105. Bluzeczka Angel, to urocza propozycja nie tylko na galowe szkolne uroczysto\u015bci;) W zestawieniu z szortami stworzy oryginalny letni look.  Sk\u0142ad: 92% bawe\u0142na, 8% elastan, koronka: 100% bawe\u0142na","og_url":"https:\/\/kidsonthemoon.com\/pl\/produkt\/dzianinowa-bluzka-z-bufkami-angel\/","og_site_name":"Kids on the Moon","article_publisher":"https:\/\/www.facebook.com\/Kids-on-the-Moon-223747864407076","article_modified_time":"2026-03-31T07:10:03+00:00","og_image":[{"width":1000,"height":1400,"url":"https:\/\/kidsonthemoon.com\/wp-content\/uploads\/2023\/05\/82.jpg","type":"image\/jpeg"}],"twitter_card":"summary_large_image","schema":{"@context":"https:\/\/schema.org","@graph":[{"@type":"WebPage","@id":"https:\/\/kidsonthemoon.com\/pl\/produkt\/dzianinowa-bluzka-z-bufkami-angel\/","url":"https:\/\/kidsonthemoon.com\/pl\/produkt\/dzianinowa-bluzka-z-bufkami-angel\/","name":"dzianinowa bluzka Angel z koronkowymi bufkami - Kids on the Moon","isPartOf":{"@id":"https:\/\/kidsonthemoon.com\/pl\/#website"},"datePublished":"2023-05-10T15:22:49+00:00","dateModified":"2026-03-31T07:10:03+00:00","breadcrumb":{"@id":"https:\/\/kidsonthemoon.com\/pl\/produkt\/dzianinowa-bluzka-z-bufkami-angel\/#breadcrumb"},"inLanguage":"pl-PL","potentialAction":[{"@type":"ReadAction","target":["https:\/\/kidsonthemoon.com\/pl\/produkt\/dzianinowa-bluzka-z-bufkami-angel\/"]}]},{"@type":"BreadcrumbList","@id":"https:\/\/kidsonthemoon.com\/pl\/produkt\/dzianinowa-bluzka-z-bufkami-angel\/#breadcrumb","itemListElement":[{"@type":"ListItem","position":1,"name":"Strona g\u0142\u00f3wna","item":"https:\/\/kidsonthemoon.com\/pl\/"},{"@type":"ListItem","position":2,"name":"Sklep","item":"https:\/\/kidsonthemoon.com\/pl\/sklep\/"},{"@type":"ListItem","position":3,"name":"dzianinowa bluzka Angel z koronkowymi bufkami"}]},{"@type":"WebSite","@id":"https:\/\/kidsonthemoon.com\/pl\/#website","url":"https:\/\/kidsonthemoon.com\/pl\/","name":"Kids on the Moon","description":"odpowiedzialna moda dla dzieci | sklep online dla dzieci","publisher":{"@id":"https:\/\/kidsonthemoon.com\/pl\/#organization"},"potentialAction":[{"@type":"SearchAction","target":{"@type":"EntryPoint","urlTemplate":"https:\/\/kidsonthemoon.com\/pl\/?s={search_term_string}"},"query-input":"required name=search_term_string"}],"inLanguage":"pl-PL"},{"@type":"Organization","@id":"https:\/\/kidsonthemoon.com\/pl\/#organization","name":"Kids on the Moon","url":"https:\/\/kidsonthemoon.com\/pl\/","logo":{"@type":"ImageObject","inLanguage":"pl-PL","@id":"https:\/\/kidsonthemoon.com\/pl\/#\/schema\/logo\/image\/","url":"https:\/\/kidsonthemoon.com\/wp-content\/uploads\/2021\/02\/kotm_logo.png","contentUrl":"https:\/\/kidsonthemoon.com\/wp-content\/uploads\/2021\/02\/kotm_logo.png","width":410,"height":47,"caption":"Kids on the Moon"},"image":{"@id":"https:\/\/kidsonthemoon.com\/pl\/#\/schema\/logo\/image\/"},"sameAs":["https:\/\/www.facebook.com\/Kids-on-the-Moon-223747864407076","https:\/\/www.instagram.com\/kidsonthemoon\/","https:\/\/pl.pinterest.com\/kotm2013\/pins\/"]}]}},"_links":{"self":[{"href":"https:\/\/kidsonthemoon.com\/pl\/wp-json\/wp\/v2\/product\/95213"}],"collection":[{"href":"https:\/\/kidsonthemoon.com\/pl\/wp-json\/wp\/v2\/product"}],"about":[{"href":"https:\/\/kidsonthemoon.com\/pl\/wp-json\/wp\/v2\/types\/product"}],"wp:featuredmedia":[{"embeddable":true,"href":"https:\/\/kidsonthemoon.com\/pl\/wp-json\/wp\/v2\/media\/95323"}],"wp:attachment":[{"href":"https:\/\/kidsonthemoon.com\/pl\/wp-json\/wp\/v2\/media?parent=95213"}],"wp:term":[{"taxonomy":"product_cat","embeddable":true,"href":"https:\/\/kidsonthemoon.com\/pl\/wp-json\/wp\/v2\/product_cat?post=95213"},{"taxonomy":"product_tag","embeddable":true,"href":"https:\/\/kidsonthemoon.com\/pl\/wp-json\/wp\/v2\/product_tag?post=95213"}],"curies":[{"name":"wp","href":"https:\/\/api.w.org\/{rel}","templated":true}]}}