{"id":96009,"date":"2023-05-18T00:00:31","date_gmt":"2023-05-17T22:00:31","guid":{"rendered":"https:\/\/kidsonthemoon.com\/?post_type=product&#038;p=96009"},"modified":"2025-08-27T15:47:11","modified_gmt":"2025-08-27T13:47:11","slug":"sukienka-damska-blossom","status":"publish","type":"product","link":"https:\/\/kidsonthemoon.com\/pl\/produkt\/sukienka-damska-blossom\/","title":{"rendered":"sukienka damska Blossom"},"content":{"rendered":"","protected":false},"excerpt":{"rendered":"<p>Damska sukienka &#8211; lu\u017ana i zwiewna, pokryta pi\u0119knym printem w odcieniach fioletu i zieleni. Uszyta z cienkiego i przewiewnego 100% bawe\u0142nianego materia\u0142u. Wyko\u0144czona delikatn\u0105 falbank\u0105 przy dekolcie i mankietach. Ma lekko bufiaste, d\u0142ugie r\u0119kawy marszczone przy ramionach. Tr\u00f3jk\u0105tny dekolt zako\u0144czony troczkami, z mo\u017cliwo\u015bci\u0105 zawi\u0105zania. Na dole du\u017ca falbana nadaj\u0105ca lekko\u015bci, z dodatkow\u0105, dekoracyjn\u0105 falbank\u0105 przy szwie. Sukienka idealna zar\u00f3wno na pla\u017c\u0119, letnie weekendowe wypady jak i na co dzie\u0144. Pi\u0119knie wygl\u0105da z klapkami, szpilkami i super modnymi kowbojkami. Na ch\u0142odniejsze dni sprawdzi si\u0119 w komplecie z delikatnie pikowan\u0105 nasz\u0105 kamizelk\u0105 boho Blossom. D\u0142ugo\u015b\u0107 w okolicy kolan.<\/p>\n<p><strong>Sk\u0142ad:<\/strong> 100% bawe\u0142na<\/p>\n<p><strong>Wymiary sukienki w cm:<\/strong><\/p>\n<table style=\"height: 177px;\" width=\"456\">\n<tbody>\n<tr>\n<td width=\"91\">&nbsp;<\/td>\n<td style=\"text-align: center;\" width=\"64\"><strong>XS\/S<\/strong><\/td>\n<td style=\"text-align: center;\" width=\"64\"><strong>M\/L<\/strong><\/td>\n<\/tr>\n<tr>\n<td>szer. w klatce<\/td>\n<td style=\"text-align: center;\">60<\/td>\n<td style=\"text-align: center;\">63<\/td>\n<\/tr>\n<tr>\n<td width=\"91\">szer. w biodrach<\/td>\n<td style=\"text-align: center;\">65<\/td>\n<td style=\"text-align: center;\">70<\/td>\n<\/tr>\n<tr>\n<td style=\"text-align: left;\">d\u0142ugo\u015b\u0107<\/td>\n<td style=\"text-align: center;\">95<\/td>\n<td style=\"text-align: center;\">95<\/td>\n<\/tr>\n<\/tbody>\n<\/table>\n","protected":false},"featured_media":96973,"template":"","meta":{"_themeisle_gutenberg_block_has_review":false},"product_cat":[572],"product_tag":[797,522],"acf":[],"yoast_head":"<!-- This site is optimized with the Yoast SEO plugin v21.2 - https:\/\/yoast.com\/wordpress\/plugins\/seo\/ -->\n<title>sukienka damska Blossom - Kids on the Moon<\/title>\n<meta name=\"robots\" content=\"index, follow, max-snippet:-1, max-image-preview:large, max-video-preview:-1\" \/>\n<link rel=\"canonical\" href=\"https:\/\/kidsonthemoon.com\/pl\/produkt\/sukienka-damska-blossom\/\" \/>\n<meta property=\"og:locale\" content=\"pl_PL\" \/>\n<meta property=\"og:type\" content=\"article\" \/>\n<meta property=\"og:title\" content=\"sukienka damska Blossom - Kids on the Moon\" \/>\n<meta property=\"og:description\" content=\"Damska sukienka - lu\u017ana i zwiewna, pokryta pi\u0119knym printem w odcieniach fioletu i zieleni. Uszyta z cienkiego i przewiewnego 100% bawe\u0142nianego materia\u0142u. Wyko\u0144czona delikatn\u0105 falbank\u0105 przy dekolcie i mankietach. Ma lekko bufiaste, d\u0142ugie r\u0119kawy marszczone przy ramionach. Tr\u00f3jk\u0105tny dekolt zako\u0144czony troczkami, z mo\u017cliwo\u015bci\u0105 zawi\u0105zania. Na dole du\u017ca falbana nadaj\u0105ca lekko\u015bci, z dodatkow\u0105, dekoracyjn\u0105 falbank\u0105 przy szwie. Sukienka idealna zar\u00f3wno na pla\u017c\u0119, letnie weekendowe wypady jak i na co dzie\u0144. Pi\u0119knie wygl\u0105da z klapkami, szpilkami i super modnymi kowbojkami. Na ch\u0142odniejsze dni sprawdzi si\u0119 w komplecie z delikatnie pikowan\u0105 nasz\u0105 kamizelk\u0105 boho Blossom. D\u0142ugo\u015b\u0107 w okolicy kolan.  Sk\u0142ad: 100% bawe\u0142na  Wymiary sukienki w cm:    &nbsp; XS\/S M\/L   szer. w klatce 60 63   szer. w biodrach 65 70   d\u0142ugo\u015b\u0107 95 95\" \/>\n<meta property=\"og:url\" content=\"https:\/\/kidsonthemoon.com\/pl\/produkt\/sukienka-damska-blossom\/\" \/>\n<meta property=\"og:site_name\" content=\"Kids on the Moon\" \/>\n<meta property=\"article:publisher\" content=\"https:\/\/www.facebook.com\/Kids-on-the-Moon-223747864407076\" \/>\n<meta property=\"article:modified_time\" content=\"2025-08-27T13:47:11+00:00\" \/>\n<meta property=\"og:image\" content=\"https:\/\/kidsonthemoon.com\/wp-content\/uploads\/2023\/05\/sukienka_blossom_1.jpg\" \/>\n\t<meta property=\"og:image:width\" content=\"1000\" \/>\n\t<meta property=\"og:image:height\" content=\"1400\" \/>\n\t<meta property=\"og:image:type\" content=\"image\/jpeg\" \/>\n<meta name=\"twitter:card\" content=\"summary_large_image\" \/>\n<script type=\"application\/ld+json\" class=\"yoast-schema-graph\">{\"@context\":\"https:\/\/schema.org\",\"@graph\":[{\"@type\":\"WebPage\",\"@id\":\"https:\/\/kidsonthemoon.com\/pl\/produkt\/sukienka-damska-blossom\/\",\"url\":\"https:\/\/kidsonthemoon.com\/pl\/produkt\/sukienka-damska-blossom\/\",\"name\":\"sukienka damska Blossom - Kids on the Moon\",\"isPartOf\":{\"@id\":\"https:\/\/kidsonthemoon.com\/pl\/#website\"},\"datePublished\":\"2023-05-17T22:00:31+00:00\",\"dateModified\":\"2025-08-27T13:47:11+00:00\",\"breadcrumb\":{\"@id\":\"https:\/\/kidsonthemoon.com\/pl\/produkt\/sukienka-damska-blossom\/#breadcrumb\"},\"inLanguage\":\"pl-PL\",\"potentialAction\":[{\"@type\":\"ReadAction\",\"target\":[\"https:\/\/kidsonthemoon.com\/pl\/produkt\/sukienka-damska-blossom\/\"]}]},{\"@type\":\"BreadcrumbList\",\"@id\":\"https:\/\/kidsonthemoon.com\/pl\/produkt\/sukienka-damska-blossom\/#breadcrumb\",\"itemListElement\":[{\"@type\":\"ListItem\",\"position\":1,\"name\":\"Strona g\u0142\u00f3wna\",\"item\":\"https:\/\/kidsonthemoon.com\/pl\/\"},{\"@type\":\"ListItem\",\"position\":2,\"name\":\"Sklep\",\"item\":\"https:\/\/kidsonthemoon.com\/pl\/sklep\/\"},{\"@type\":\"ListItem\",\"position\":3,\"name\":\"sukienka damska Blossom\"}]},{\"@type\":\"WebSite\",\"@id\":\"https:\/\/kidsonthemoon.com\/pl\/#website\",\"url\":\"https:\/\/kidsonthemoon.com\/pl\/\",\"name\":\"Kids on the Moon\",\"description\":\"odpowiedzialna moda dla dzieci | sklep online dla dzieci\",\"publisher\":{\"@id\":\"https:\/\/kidsonthemoon.com\/pl\/#organization\"},\"potentialAction\":[{\"@type\":\"SearchAction\",\"target\":{\"@type\":\"EntryPoint\",\"urlTemplate\":\"https:\/\/kidsonthemoon.com\/pl\/?s={search_term_string}\"},\"query-input\":\"required name=search_term_string\"}],\"inLanguage\":\"pl-PL\"},{\"@type\":\"Organization\",\"@id\":\"https:\/\/kidsonthemoon.com\/pl\/#organization\",\"name\":\"Kids on the Moon\",\"url\":\"https:\/\/kidsonthemoon.com\/pl\/\",\"logo\":{\"@type\":\"ImageObject\",\"inLanguage\":\"pl-PL\",\"@id\":\"https:\/\/kidsonthemoon.com\/pl\/#\/schema\/logo\/image\/\",\"url\":\"https:\/\/kidsonthemoon.com\/wp-content\/uploads\/2021\/02\/kotm_logo.png\",\"contentUrl\":\"https:\/\/kidsonthemoon.com\/wp-content\/uploads\/2021\/02\/kotm_logo.png\",\"width\":410,\"height\":47,\"caption\":\"Kids on the Moon\"},\"image\":{\"@id\":\"https:\/\/kidsonthemoon.com\/pl\/#\/schema\/logo\/image\/\"},\"sameAs\":[\"https:\/\/www.facebook.com\/Kids-on-the-Moon-223747864407076\",\"https:\/\/www.instagram.com\/kidsonthemoon\/\",\"https:\/\/pl.pinterest.com\/kotm2013\/pins\/\"]}]}<\/script>\n<!-- \/ Yoast SEO plugin. -->","yoast_head_json":{"title":"sukienka damska Blossom - Kids on the Moon","robots":{"index":"index","follow":"follow","max-snippet":"max-snippet:-1","max-image-preview":"max-image-preview:large","max-video-preview":"max-video-preview:-1"},"canonical":"https:\/\/kidsonthemoon.com\/pl\/produkt\/sukienka-damska-blossom\/","og_locale":"pl_PL","og_type":"article","og_title":"sukienka damska Blossom - Kids on the Moon","og_description":"Damska sukienka - lu\u017ana i zwiewna, pokryta pi\u0119knym printem w odcieniach fioletu i zieleni. Uszyta z cienkiego i przewiewnego 100% bawe\u0142nianego materia\u0142u. Wyko\u0144czona delikatn\u0105 falbank\u0105 przy dekolcie i mankietach. Ma lekko bufiaste, d\u0142ugie r\u0119kawy marszczone przy ramionach. Tr\u00f3jk\u0105tny dekolt zako\u0144czony troczkami, z mo\u017cliwo\u015bci\u0105 zawi\u0105zania. Na dole du\u017ca falbana nadaj\u0105ca lekko\u015bci, z dodatkow\u0105, dekoracyjn\u0105 falbank\u0105 przy szwie. Sukienka idealna zar\u00f3wno na pla\u017c\u0119, letnie weekendowe wypady jak i na co dzie\u0144. Pi\u0119knie wygl\u0105da z klapkami, szpilkami i super modnymi kowbojkami. Na ch\u0142odniejsze dni sprawdzi si\u0119 w komplecie z delikatnie pikowan\u0105 nasz\u0105 kamizelk\u0105 boho Blossom. D\u0142ugo\u015b\u0107 w okolicy kolan.  Sk\u0142ad: 100% bawe\u0142na  Wymiary sukienki w cm:    &nbsp; XS\/S M\/L   szer. w klatce 60 63   szer. w biodrach 65 70   d\u0142ugo\u015b\u0107 95 95","og_url":"https:\/\/kidsonthemoon.com\/pl\/produkt\/sukienka-damska-blossom\/","og_site_name":"Kids on the Moon","article_publisher":"https:\/\/www.facebook.com\/Kids-on-the-Moon-223747864407076","article_modified_time":"2025-08-27T13:47:11+00:00","og_image":[{"width":1000,"height":1400,"url":"https:\/\/kidsonthemoon.com\/wp-content\/uploads\/2023\/05\/sukienka_blossom_1.jpg","type":"image\/jpeg"}],"twitter_card":"summary_large_image","schema":{"@context":"https:\/\/schema.org","@graph":[{"@type":"WebPage","@id":"https:\/\/kidsonthemoon.com\/pl\/produkt\/sukienka-damska-blossom\/","url":"https:\/\/kidsonthemoon.com\/pl\/produkt\/sukienka-damska-blossom\/","name":"sukienka damska Blossom - Kids on the Moon","isPartOf":{"@id":"https:\/\/kidsonthemoon.com\/pl\/#website"},"datePublished":"2023-05-17T22:00:31+00:00","dateModified":"2025-08-27T13:47:11+00:00","breadcrumb":{"@id":"https:\/\/kidsonthemoon.com\/pl\/produkt\/sukienka-damska-blossom\/#breadcrumb"},"inLanguage":"pl-PL","potentialAction":[{"@type":"ReadAction","target":["https:\/\/kidsonthemoon.com\/pl\/produkt\/sukienka-damska-blossom\/"]}]},{"@type":"BreadcrumbList","@id":"https:\/\/kidsonthemoon.com\/pl\/produkt\/sukienka-damska-blossom\/#breadcrumb","itemListElement":[{"@type":"ListItem","position":1,"name":"Strona g\u0142\u00f3wna","item":"https:\/\/kidsonthemoon.com\/pl\/"},{"@type":"ListItem","position":2,"name":"Sklep","item":"https:\/\/kidsonthemoon.com\/pl\/sklep\/"},{"@type":"ListItem","position":3,"name":"sukienka damska Blossom"}]},{"@type":"WebSite","@id":"https:\/\/kidsonthemoon.com\/pl\/#website","url":"https:\/\/kidsonthemoon.com\/pl\/","name":"Kids on the Moon","description":"odpowiedzialna moda dla dzieci | sklep online dla dzieci","publisher":{"@id":"https:\/\/kidsonthemoon.com\/pl\/#organization"},"potentialAction":[{"@type":"SearchAction","target":{"@type":"EntryPoint","urlTemplate":"https:\/\/kidsonthemoon.com\/pl\/?s={search_term_string}"},"query-input":"required name=search_term_string"}],"inLanguage":"pl-PL"},{"@type":"Organization","@id":"https:\/\/kidsonthemoon.com\/pl\/#organization","name":"Kids on the Moon","url":"https:\/\/kidsonthemoon.com\/pl\/","logo":{"@type":"ImageObject","inLanguage":"pl-PL","@id":"https:\/\/kidsonthemoon.com\/pl\/#\/schema\/logo\/image\/","url":"https:\/\/kidsonthemoon.com\/wp-content\/uploads\/2021\/02\/kotm_logo.png","contentUrl":"https:\/\/kidsonthemoon.com\/wp-content\/uploads\/2021\/02\/kotm_logo.png","width":410,"height":47,"caption":"Kids on the Moon"},"image":{"@id":"https:\/\/kidsonthemoon.com\/pl\/#\/schema\/logo\/image\/"},"sameAs":["https:\/\/www.facebook.com\/Kids-on-the-Moon-223747864407076","https:\/\/www.instagram.com\/kidsonthemoon\/","https:\/\/pl.pinterest.com\/kotm2013\/pins\/"]}]}},"_links":{"self":[{"href":"https:\/\/kidsonthemoon.com\/pl\/wp-json\/wp\/v2\/product\/96009"}],"collection":[{"href":"https:\/\/kidsonthemoon.com\/pl\/wp-json\/wp\/v2\/product"}],"about":[{"href":"https:\/\/kidsonthemoon.com\/pl\/wp-json\/wp\/v2\/types\/product"}],"wp:featuredmedia":[{"embeddable":true,"href":"https:\/\/kidsonthemoon.com\/pl\/wp-json\/wp\/v2\/media\/96973"}],"wp:attachment":[{"href":"https:\/\/kidsonthemoon.com\/pl\/wp-json\/wp\/v2\/media?parent=96009"}],"wp:term":[{"taxonomy":"product_cat","embeddable":true,"href":"https:\/\/kidsonthemoon.com\/pl\/wp-json\/wp\/v2\/product_cat?post=96009"},{"taxonomy":"product_tag","embeddable":true,"href":"https:\/\/kidsonthemoon.com\/pl\/wp-json\/wp\/v2\/product_tag?post=96009"}],"curies":[{"name":"wp","href":"https:\/\/api.w.org\/{rel}","templated":true}]}}