{"id":96435,"date":"2023-05-24T07:27:41","date_gmt":"2023-05-24T05:27:41","guid":{"rendered":"https:\/\/kidsonthemoon.com\/?post_type=product&#038;p=96435"},"modified":"2025-08-27T15:47:11","modified_gmt":"2025-08-27T13:47:11","slug":"t-shirt-olive-heart","status":"publish","type":"product","link":"https:\/\/kidsonthemoon.com\/pl\/produkt\/t-shirt-olive-heart\/","title":{"rendered":"t-shirt Olive heart"},"content":{"rendered":"","protected":false},"excerpt":{"rendered":"<p>Damska koszulka z kr\u00f3tkim r\u0119kawem uszyta z niezwykle mi\u0119kkiej w dotyku i lej\u0105cej si\u0119 dzianiny bambusowej z dodatkiem bawe\u0142ny i elastanu. W pi\u0119knym oliwkowym kolorze, z przodu nadrukowane czarne serce &#8211; jakby ma\u017ani\u0119te farb\u0105. \u015awietna baza do dalszych stylizacji. Cudownie wygl\u0105da z naszymi szerokimi spodniami Colette orchidea.<\/p>\n<p>Sk\u0142ad: 68% bambus, 20% bawe\u0142na, 4% elastan<\/p>\n<p>Wymiary:<br \/>\nXS: szeroko\u015b\u0107 50 cm, d\u0142. 65 cm<br \/>\nS: szeroko\u015b\u0107: 53 cm, d\u0142. 67 cm<br \/>\nM: szeroko\u015b\u0107: 56 cm, d\u0142. 69 cm<br \/>\nL: szeroko\u015b\u0107 58 cm, d\u0142. 73 cm<\/p>\n","protected":false},"featured_media":96514,"template":"","meta":{"_themeisle_gutenberg_block_has_review":false},"product_cat":[572,818,600],"product_tag":[797],"acf":[],"yoast_head":"<!-- This site is optimized with the Yoast SEO plugin v21.2 - https:\/\/yoast.com\/wordpress\/plugins\/seo\/ -->\n<title>t-shirt Olive heart - Kids on the Moon<\/title>\n<meta name=\"robots\" content=\"index, follow, max-snippet:-1, max-image-preview:large, max-video-preview:-1\" \/>\n<link rel=\"canonical\" href=\"https:\/\/kidsonthemoon.com\/pl\/produkt\/t-shirt-olive-heart\/\" \/>\n<meta property=\"og:locale\" content=\"pl_PL\" \/>\n<meta property=\"og:type\" content=\"article\" \/>\n<meta property=\"og:title\" content=\"t-shirt Olive heart - Kids on the Moon\" \/>\n<meta property=\"og:description\" content=\"Damska koszulka z kr\u00f3tkim r\u0119kawem uszyta z niezwykle mi\u0119kkiej w dotyku i lej\u0105cej si\u0119 dzianiny bambusowej z dodatkiem bawe\u0142ny i elastanu. W pi\u0119knym oliwkowym kolorze, z przodu nadrukowane czarne serce - jakby ma\u017ani\u0119te farb\u0105. \u015awietna baza do dalszych stylizacji. Cudownie wygl\u0105da z naszymi szerokimi spodniami Colette orchidea.  Sk\u0142ad: 68% bambus, 20% bawe\u0142na, 4% elastan  Wymiary: XS: szeroko\u015b\u0107 50 cm, d\u0142. 65 cm S: szeroko\u015b\u0107: 53 cm, d\u0142. 67 cm M: szeroko\u015b\u0107: 56 cm, d\u0142. 69 cm L: szeroko\u015b\u0107 58 cm, d\u0142. 73 cm\" \/>\n<meta property=\"og:url\" content=\"https:\/\/kidsonthemoon.com\/pl\/produkt\/t-shirt-olive-heart\/\" \/>\n<meta property=\"og:site_name\" content=\"Kids on the Moon\" \/>\n<meta property=\"article:publisher\" content=\"https:\/\/www.facebook.com\/Kids-on-the-Moon-223747864407076\" \/>\n<meta property=\"article:modified_time\" content=\"2025-08-27T13:47:11+00:00\" \/>\n<meta property=\"og:image\" content=\"https:\/\/kidsonthemoon.com\/wp-content\/uploads\/2023\/05\/t-shirt-olive-heart-by-the-moon-scaled.jpg\" \/>\n\t<meta property=\"og:image:width\" content=\"1707\" \/>\n\t<meta property=\"og:image:height\" content=\"2560\" \/>\n\t<meta property=\"og:image:type\" content=\"image\/jpeg\" \/>\n<meta name=\"twitter:card\" content=\"summary_large_image\" \/>\n<script type=\"application\/ld+json\" class=\"yoast-schema-graph\">{\"@context\":\"https:\/\/schema.org\",\"@graph\":[{\"@type\":\"WebPage\",\"@id\":\"https:\/\/kidsonthemoon.com\/pl\/produkt\/t-shirt-olive-heart\/\",\"url\":\"https:\/\/kidsonthemoon.com\/pl\/produkt\/t-shirt-olive-heart\/\",\"name\":\"t-shirt Olive heart - Kids on the Moon\",\"isPartOf\":{\"@id\":\"https:\/\/kidsonthemoon.com\/pl\/#website\"},\"datePublished\":\"2023-05-24T05:27:41+00:00\",\"dateModified\":\"2025-08-27T13:47:11+00:00\",\"breadcrumb\":{\"@id\":\"https:\/\/kidsonthemoon.com\/pl\/produkt\/t-shirt-olive-heart\/#breadcrumb\"},\"inLanguage\":\"pl-PL\",\"potentialAction\":[{\"@type\":\"ReadAction\",\"target\":[\"https:\/\/kidsonthemoon.com\/pl\/produkt\/t-shirt-olive-heart\/\"]}]},{\"@type\":\"BreadcrumbList\",\"@id\":\"https:\/\/kidsonthemoon.com\/pl\/produkt\/t-shirt-olive-heart\/#breadcrumb\",\"itemListElement\":[{\"@type\":\"ListItem\",\"position\":1,\"name\":\"Strona g\u0142\u00f3wna\",\"item\":\"https:\/\/kidsonthemoon.com\/pl\/\"},{\"@type\":\"ListItem\",\"position\":2,\"name\":\"Sklep\",\"item\":\"https:\/\/kidsonthemoon.com\/pl\/sklep\/\"},{\"@type\":\"ListItem\",\"position\":3,\"name\":\"t-shirt Olive heart\"}]},{\"@type\":\"WebSite\",\"@id\":\"https:\/\/kidsonthemoon.com\/pl\/#website\",\"url\":\"https:\/\/kidsonthemoon.com\/pl\/\",\"name\":\"Kids on the Moon\",\"description\":\"odpowiedzialna moda dla dzieci | sklep online dla dzieci\",\"publisher\":{\"@id\":\"https:\/\/kidsonthemoon.com\/pl\/#organization\"},\"potentialAction\":[{\"@type\":\"SearchAction\",\"target\":{\"@type\":\"EntryPoint\",\"urlTemplate\":\"https:\/\/kidsonthemoon.com\/pl\/?s={search_term_string}\"},\"query-input\":\"required name=search_term_string\"}],\"inLanguage\":\"pl-PL\"},{\"@type\":\"Organization\",\"@id\":\"https:\/\/kidsonthemoon.com\/pl\/#organization\",\"name\":\"Kids on the Moon\",\"url\":\"https:\/\/kidsonthemoon.com\/pl\/\",\"logo\":{\"@type\":\"ImageObject\",\"inLanguage\":\"pl-PL\",\"@id\":\"https:\/\/kidsonthemoon.com\/pl\/#\/schema\/logo\/image\/\",\"url\":\"https:\/\/kidsonthemoon.com\/wp-content\/uploads\/2021\/02\/kotm_logo.png\",\"contentUrl\":\"https:\/\/kidsonthemoon.com\/wp-content\/uploads\/2021\/02\/kotm_logo.png\",\"width\":410,\"height\":47,\"caption\":\"Kids on the Moon\"},\"image\":{\"@id\":\"https:\/\/kidsonthemoon.com\/pl\/#\/schema\/logo\/image\/\"},\"sameAs\":[\"https:\/\/www.facebook.com\/Kids-on-the-Moon-223747864407076\",\"https:\/\/www.instagram.com\/kidsonthemoon\/\",\"https:\/\/pl.pinterest.com\/kotm2013\/pins\/\"]}]}<\/script>\n<!-- \/ Yoast SEO plugin. -->","yoast_head_json":{"title":"t-shirt Olive heart - Kids on the Moon","robots":{"index":"index","follow":"follow","max-snippet":"max-snippet:-1","max-image-preview":"max-image-preview:large","max-video-preview":"max-video-preview:-1"},"canonical":"https:\/\/kidsonthemoon.com\/pl\/produkt\/t-shirt-olive-heart\/","og_locale":"pl_PL","og_type":"article","og_title":"t-shirt Olive heart - Kids on the Moon","og_description":"Damska koszulka z kr\u00f3tkim r\u0119kawem uszyta z niezwykle mi\u0119kkiej w dotyku i lej\u0105cej si\u0119 dzianiny bambusowej z dodatkiem bawe\u0142ny i elastanu. W pi\u0119knym oliwkowym kolorze, z przodu nadrukowane czarne serce - jakby ma\u017ani\u0119te farb\u0105. \u015awietna baza do dalszych stylizacji. Cudownie wygl\u0105da z naszymi szerokimi spodniami Colette orchidea.  Sk\u0142ad: 68% bambus, 20% bawe\u0142na, 4% elastan  Wymiary: XS: szeroko\u015b\u0107 50 cm, d\u0142. 65 cm S: szeroko\u015b\u0107: 53 cm, d\u0142. 67 cm M: szeroko\u015b\u0107: 56 cm, d\u0142. 69 cm L: szeroko\u015b\u0107 58 cm, d\u0142. 73 cm","og_url":"https:\/\/kidsonthemoon.com\/pl\/produkt\/t-shirt-olive-heart\/","og_site_name":"Kids on the Moon","article_publisher":"https:\/\/www.facebook.com\/Kids-on-the-Moon-223747864407076","article_modified_time":"2025-08-27T13:47:11+00:00","og_image":[{"width":1707,"height":2560,"url":"https:\/\/kidsonthemoon.com\/wp-content\/uploads\/2023\/05\/t-shirt-olive-heart-by-the-moon-scaled.jpg","type":"image\/jpeg"}],"twitter_card":"summary_large_image","schema":{"@context":"https:\/\/schema.org","@graph":[{"@type":"WebPage","@id":"https:\/\/kidsonthemoon.com\/pl\/produkt\/t-shirt-olive-heart\/","url":"https:\/\/kidsonthemoon.com\/pl\/produkt\/t-shirt-olive-heart\/","name":"t-shirt Olive heart - Kids on the Moon","isPartOf":{"@id":"https:\/\/kidsonthemoon.com\/pl\/#website"},"datePublished":"2023-05-24T05:27:41+00:00","dateModified":"2025-08-27T13:47:11+00:00","breadcrumb":{"@id":"https:\/\/kidsonthemoon.com\/pl\/produkt\/t-shirt-olive-heart\/#breadcrumb"},"inLanguage":"pl-PL","potentialAction":[{"@type":"ReadAction","target":["https:\/\/kidsonthemoon.com\/pl\/produkt\/t-shirt-olive-heart\/"]}]},{"@type":"BreadcrumbList","@id":"https:\/\/kidsonthemoon.com\/pl\/produkt\/t-shirt-olive-heart\/#breadcrumb","itemListElement":[{"@type":"ListItem","position":1,"name":"Strona g\u0142\u00f3wna","item":"https:\/\/kidsonthemoon.com\/pl\/"},{"@type":"ListItem","position":2,"name":"Sklep","item":"https:\/\/kidsonthemoon.com\/pl\/sklep\/"},{"@type":"ListItem","position":3,"name":"t-shirt Olive heart"}]},{"@type":"WebSite","@id":"https:\/\/kidsonthemoon.com\/pl\/#website","url":"https:\/\/kidsonthemoon.com\/pl\/","name":"Kids on the Moon","description":"odpowiedzialna moda dla dzieci | sklep online dla dzieci","publisher":{"@id":"https:\/\/kidsonthemoon.com\/pl\/#organization"},"potentialAction":[{"@type":"SearchAction","target":{"@type":"EntryPoint","urlTemplate":"https:\/\/kidsonthemoon.com\/pl\/?s={search_term_string}"},"query-input":"required name=search_term_string"}],"inLanguage":"pl-PL"},{"@type":"Organization","@id":"https:\/\/kidsonthemoon.com\/pl\/#organization","name":"Kids on the Moon","url":"https:\/\/kidsonthemoon.com\/pl\/","logo":{"@type":"ImageObject","inLanguage":"pl-PL","@id":"https:\/\/kidsonthemoon.com\/pl\/#\/schema\/logo\/image\/","url":"https:\/\/kidsonthemoon.com\/wp-content\/uploads\/2021\/02\/kotm_logo.png","contentUrl":"https:\/\/kidsonthemoon.com\/wp-content\/uploads\/2021\/02\/kotm_logo.png","width":410,"height":47,"caption":"Kids on the Moon"},"image":{"@id":"https:\/\/kidsonthemoon.com\/pl\/#\/schema\/logo\/image\/"},"sameAs":["https:\/\/www.facebook.com\/Kids-on-the-Moon-223747864407076","https:\/\/www.instagram.com\/kidsonthemoon\/","https:\/\/pl.pinterest.com\/kotm2013\/pins\/"]}]}},"_links":{"self":[{"href":"https:\/\/kidsonthemoon.com\/pl\/wp-json\/wp\/v2\/product\/96435"}],"collection":[{"href":"https:\/\/kidsonthemoon.com\/pl\/wp-json\/wp\/v2\/product"}],"about":[{"href":"https:\/\/kidsonthemoon.com\/pl\/wp-json\/wp\/v2\/types\/product"}],"wp:featuredmedia":[{"embeddable":true,"href":"https:\/\/kidsonthemoon.com\/pl\/wp-json\/wp\/v2\/media\/96514"}],"wp:attachment":[{"href":"https:\/\/kidsonthemoon.com\/pl\/wp-json\/wp\/v2\/media?parent=96435"}],"wp:term":[{"taxonomy":"product_cat","embeddable":true,"href":"https:\/\/kidsonthemoon.com\/pl\/wp-json\/wp\/v2\/product_cat?post=96435"},{"taxonomy":"product_tag","embeddable":true,"href":"https:\/\/kidsonthemoon.com\/pl\/wp-json\/wp\/v2\/product_tag?post=96435"}],"curies":[{"name":"wp","href":"https:\/\/api.w.org\/{rel}","templated":true}]}}