{"id":97640,"date":"2023-06-16T15:50:47","date_gmt":"2023-06-16T13:50:47","guid":{"rendered":"https:\/\/kidsonthemoon.com\/?post_type=product&#038;p=97640"},"modified":"2025-08-06T09:01:24","modified_gmt":"2025-08-06T07:01:24","slug":"tank-top-black","status":"publish","type":"product","link":"https:\/\/kidsonthemoon.com\/pl\/produkt\/tank-top-black\/","title":{"rendered":"tank top black"},"content":{"rendered":"","protected":false},"excerpt":{"rendered":"<p>Czarny, damski tank top z dekoltem typu halter ods\u0142aniaj\u0105cym ramiona. Wyko\u0144czony szerokimi lam\u00f3wkami. Wykonany z pr\u0105\u017ckowanej dzianiny bawe\u0142nianej z dodatkiem elastanu, o g\u0119stym splocie, dzi\u0119ki czemu bardzo dobrze przylega do cia\u0142a i dopasowuje si\u0119 do jego kszta\u0142tu. \u015awietnie pasuje do letnich do\u0142\u00f3w, kamizelek i marynarek. Mo\u017cesz go nosi\u0107 na sportowo lub jako baz\u0119 do eleganckich stylizacji.<\/p>\n<p>sk\u0142ad: 97% bawe\u0142na, 3% elastan<\/p>\n<p>wymiary koszulki:<\/p>\n<p>XS &#8211; szer. w klatce 32 cm, d\u0142. 56 cm<\/p>\n<p>S &#8211; szer. w klatce 34 cm, d\u0142. 58 cm<\/p>\n<p>M &#8211; szer. w klatce 36 cm, d\u0142. 60 cm<\/p>\n<p>L &#8211; szer. w klatce 38 cm, d\u0142. 62 cm<\/p>\n<p>&nbsp;<\/p>\n","protected":false},"featured_media":97595,"template":"","meta":{"_themeisle_gutenberg_block_has_review":false},"product_cat":[600],"product_tag":[543],"acf":[],"yoast_head":"<!-- This site is optimized with the Yoast SEO plugin v21.2 - https:\/\/yoast.com\/wordpress\/plugins\/seo\/ -->\n<title>tank top black - Kids on the Moon<\/title>\n<meta name=\"robots\" content=\"index, follow, max-snippet:-1, max-image-preview:large, max-video-preview:-1\" \/>\n<link rel=\"canonical\" href=\"https:\/\/kidsonthemoon.com\/pl\/produkt\/tank-top-black\/\" \/>\n<meta property=\"og:locale\" content=\"pl_PL\" \/>\n<meta property=\"og:type\" content=\"article\" \/>\n<meta property=\"og:title\" content=\"tank top black - Kids on the Moon\" \/>\n<meta property=\"og:description\" content=\"Czarny, damski tank top z dekoltem typu halter ods\u0142aniaj\u0105cym ramiona. Wyko\u0144czony szerokimi lam\u00f3wkami. Wykonany z pr\u0105\u017ckowanej dzianiny bawe\u0142nianej z dodatkiem elastanu, o g\u0119stym splocie, dzi\u0119ki czemu bardzo dobrze przylega do cia\u0142a i dopasowuje si\u0119 do jego kszta\u0142tu. \u015awietnie pasuje do letnich do\u0142\u00f3w, kamizelek i marynarek. Mo\u017cesz go nosi\u0107 na sportowo lub jako baz\u0119 do eleganckich stylizacji.  sk\u0142ad: 97% bawe\u0142na, 3% elastan  wymiary koszulki:  XS - szer. w klatce 32 cm, d\u0142. 56 cm  S - szer. w klatce 34 cm, d\u0142. 58 cm  M - szer. w klatce 36 cm, d\u0142. 60 cm  L - szer. w klatce 38 cm, d\u0142. 62 cm  &nbsp;\" \/>\n<meta property=\"og:url\" content=\"https:\/\/kidsonthemoon.com\/pl\/produkt\/tank-top-black\/\" \/>\n<meta property=\"og:site_name\" content=\"Kids on the Moon\" \/>\n<meta property=\"article:publisher\" content=\"https:\/\/www.facebook.com\/Kids-on-the-Moon-223747864407076\" \/>\n<meta property=\"article:modified_time\" content=\"2025-08-06T07:01:24+00:00\" \/>\n<meta property=\"og:image\" content=\"https:\/\/kidsonthemoon.com\/wp-content\/uploads\/2023\/06\/spodnie_paloma_1.jpeg\" \/>\n\t<meta property=\"og:image:width\" content=\"457\" \/>\n\t<meta property=\"og:image:height\" content=\"640\" \/>\n\t<meta property=\"og:image:type\" content=\"image\/jpeg\" \/>\n<meta name=\"twitter:card\" content=\"summary_large_image\" \/>\n<script type=\"application\/ld+json\" class=\"yoast-schema-graph\">{\"@context\":\"https:\/\/schema.org\",\"@graph\":[{\"@type\":\"WebPage\",\"@id\":\"https:\/\/kidsonthemoon.com\/pl\/produkt\/tank-top-black\/\",\"url\":\"https:\/\/kidsonthemoon.com\/pl\/produkt\/tank-top-black\/\",\"name\":\"tank top black - Kids on the Moon\",\"isPartOf\":{\"@id\":\"https:\/\/kidsonthemoon.com\/pl\/#website\"},\"datePublished\":\"2023-06-16T13:50:47+00:00\",\"dateModified\":\"2025-08-06T07:01:24+00:00\",\"breadcrumb\":{\"@id\":\"https:\/\/kidsonthemoon.com\/pl\/produkt\/tank-top-black\/#breadcrumb\"},\"inLanguage\":\"pl-PL\",\"potentialAction\":[{\"@type\":\"ReadAction\",\"target\":[\"https:\/\/kidsonthemoon.com\/pl\/produkt\/tank-top-black\/\"]}]},{\"@type\":\"BreadcrumbList\",\"@id\":\"https:\/\/kidsonthemoon.com\/pl\/produkt\/tank-top-black\/#breadcrumb\",\"itemListElement\":[{\"@type\":\"ListItem\",\"position\":1,\"name\":\"Strona g\u0142\u00f3wna\",\"item\":\"https:\/\/kidsonthemoon.com\/pl\/\"},{\"@type\":\"ListItem\",\"position\":2,\"name\":\"Sklep\",\"item\":\"https:\/\/kidsonthemoon.com\/pl\/sklep\/\"},{\"@type\":\"ListItem\",\"position\":3,\"name\":\"tank top black\"}]},{\"@type\":\"WebSite\",\"@id\":\"https:\/\/kidsonthemoon.com\/pl\/#website\",\"url\":\"https:\/\/kidsonthemoon.com\/pl\/\",\"name\":\"Kids on the Moon\",\"description\":\"odpowiedzialna moda dla dzieci | sklep online dla dzieci\",\"publisher\":{\"@id\":\"https:\/\/kidsonthemoon.com\/pl\/#organization\"},\"potentialAction\":[{\"@type\":\"SearchAction\",\"target\":{\"@type\":\"EntryPoint\",\"urlTemplate\":\"https:\/\/kidsonthemoon.com\/pl\/?s={search_term_string}\"},\"query-input\":\"required name=search_term_string\"}],\"inLanguage\":\"pl-PL\"},{\"@type\":\"Organization\",\"@id\":\"https:\/\/kidsonthemoon.com\/pl\/#organization\",\"name\":\"Kids on the Moon\",\"url\":\"https:\/\/kidsonthemoon.com\/pl\/\",\"logo\":{\"@type\":\"ImageObject\",\"inLanguage\":\"pl-PL\",\"@id\":\"https:\/\/kidsonthemoon.com\/pl\/#\/schema\/logo\/image\/\",\"url\":\"https:\/\/kidsonthemoon.com\/wp-content\/uploads\/2021\/02\/kotm_logo.png\",\"contentUrl\":\"https:\/\/kidsonthemoon.com\/wp-content\/uploads\/2021\/02\/kotm_logo.png\",\"width\":410,\"height\":47,\"caption\":\"Kids on the Moon\"},\"image\":{\"@id\":\"https:\/\/kidsonthemoon.com\/pl\/#\/schema\/logo\/image\/\"},\"sameAs\":[\"https:\/\/www.facebook.com\/Kids-on-the-Moon-223747864407076\",\"https:\/\/www.instagram.com\/kidsonthemoon\/\",\"https:\/\/pl.pinterest.com\/kotm2013\/pins\/\"]}]}<\/script>\n<!-- \/ Yoast SEO plugin. -->","yoast_head_json":{"title":"tank top black - Kids on the Moon","robots":{"index":"index","follow":"follow","max-snippet":"max-snippet:-1","max-image-preview":"max-image-preview:large","max-video-preview":"max-video-preview:-1"},"canonical":"https:\/\/kidsonthemoon.com\/pl\/produkt\/tank-top-black\/","og_locale":"pl_PL","og_type":"article","og_title":"tank top black - Kids on the Moon","og_description":"Czarny, damski tank top z dekoltem typu halter ods\u0142aniaj\u0105cym ramiona. Wyko\u0144czony szerokimi lam\u00f3wkami. Wykonany z pr\u0105\u017ckowanej dzianiny bawe\u0142nianej z dodatkiem elastanu, o g\u0119stym splocie, dzi\u0119ki czemu bardzo dobrze przylega do cia\u0142a i dopasowuje si\u0119 do jego kszta\u0142tu. \u015awietnie pasuje do letnich do\u0142\u00f3w, kamizelek i marynarek. Mo\u017cesz go nosi\u0107 na sportowo lub jako baz\u0119 do eleganckich stylizacji.  sk\u0142ad: 97% bawe\u0142na, 3% elastan  wymiary koszulki:  XS - szer. w klatce 32 cm, d\u0142. 56 cm  S - szer. w klatce 34 cm, d\u0142. 58 cm  M - szer. w klatce 36 cm, d\u0142. 60 cm  L - szer. w klatce 38 cm, d\u0142. 62 cm  &nbsp;","og_url":"https:\/\/kidsonthemoon.com\/pl\/produkt\/tank-top-black\/","og_site_name":"Kids on the Moon","article_publisher":"https:\/\/www.facebook.com\/Kids-on-the-Moon-223747864407076","article_modified_time":"2025-08-06T07:01:24+00:00","og_image":[{"width":457,"height":640,"url":"https:\/\/kidsonthemoon.com\/wp-content\/uploads\/2023\/06\/spodnie_paloma_1.jpeg","type":"image\/jpeg"}],"twitter_card":"summary_large_image","schema":{"@context":"https:\/\/schema.org","@graph":[{"@type":"WebPage","@id":"https:\/\/kidsonthemoon.com\/pl\/produkt\/tank-top-black\/","url":"https:\/\/kidsonthemoon.com\/pl\/produkt\/tank-top-black\/","name":"tank top black - Kids on the Moon","isPartOf":{"@id":"https:\/\/kidsonthemoon.com\/pl\/#website"},"datePublished":"2023-06-16T13:50:47+00:00","dateModified":"2025-08-06T07:01:24+00:00","breadcrumb":{"@id":"https:\/\/kidsonthemoon.com\/pl\/produkt\/tank-top-black\/#breadcrumb"},"inLanguage":"pl-PL","potentialAction":[{"@type":"ReadAction","target":["https:\/\/kidsonthemoon.com\/pl\/produkt\/tank-top-black\/"]}]},{"@type":"BreadcrumbList","@id":"https:\/\/kidsonthemoon.com\/pl\/produkt\/tank-top-black\/#breadcrumb","itemListElement":[{"@type":"ListItem","position":1,"name":"Strona g\u0142\u00f3wna","item":"https:\/\/kidsonthemoon.com\/pl\/"},{"@type":"ListItem","position":2,"name":"Sklep","item":"https:\/\/kidsonthemoon.com\/pl\/sklep\/"},{"@type":"ListItem","position":3,"name":"tank top black"}]},{"@type":"WebSite","@id":"https:\/\/kidsonthemoon.com\/pl\/#website","url":"https:\/\/kidsonthemoon.com\/pl\/","name":"Kids on the Moon","description":"odpowiedzialna moda dla dzieci | sklep online dla dzieci","publisher":{"@id":"https:\/\/kidsonthemoon.com\/pl\/#organization"},"potentialAction":[{"@type":"SearchAction","target":{"@type":"EntryPoint","urlTemplate":"https:\/\/kidsonthemoon.com\/pl\/?s={search_term_string}"},"query-input":"required name=search_term_string"}],"inLanguage":"pl-PL"},{"@type":"Organization","@id":"https:\/\/kidsonthemoon.com\/pl\/#organization","name":"Kids on the Moon","url":"https:\/\/kidsonthemoon.com\/pl\/","logo":{"@type":"ImageObject","inLanguage":"pl-PL","@id":"https:\/\/kidsonthemoon.com\/pl\/#\/schema\/logo\/image\/","url":"https:\/\/kidsonthemoon.com\/wp-content\/uploads\/2021\/02\/kotm_logo.png","contentUrl":"https:\/\/kidsonthemoon.com\/wp-content\/uploads\/2021\/02\/kotm_logo.png","width":410,"height":47,"caption":"Kids on the Moon"},"image":{"@id":"https:\/\/kidsonthemoon.com\/pl\/#\/schema\/logo\/image\/"},"sameAs":["https:\/\/www.facebook.com\/Kids-on-the-Moon-223747864407076","https:\/\/www.instagram.com\/kidsonthemoon\/","https:\/\/pl.pinterest.com\/kotm2013\/pins\/"]}]}},"_links":{"self":[{"href":"https:\/\/kidsonthemoon.com\/pl\/wp-json\/wp\/v2\/product\/97640"}],"collection":[{"href":"https:\/\/kidsonthemoon.com\/pl\/wp-json\/wp\/v2\/product"}],"about":[{"href":"https:\/\/kidsonthemoon.com\/pl\/wp-json\/wp\/v2\/types\/product"}],"wp:featuredmedia":[{"embeddable":true,"href":"https:\/\/kidsonthemoon.com\/pl\/wp-json\/wp\/v2\/media\/97595"}],"wp:attachment":[{"href":"https:\/\/kidsonthemoon.com\/pl\/wp-json\/wp\/v2\/media?parent=97640"}],"wp:term":[{"taxonomy":"product_cat","embeddable":true,"href":"https:\/\/kidsonthemoon.com\/pl\/wp-json\/wp\/v2\/product_cat?post=97640"},{"taxonomy":"product_tag","embeddable":true,"href":"https:\/\/kidsonthemoon.com\/pl\/wp-json\/wp\/v2\/product_tag?post=97640"}],"curies":[{"name":"wp","href":"https:\/\/api.w.org\/{rel}","templated":true}]}}