{"id":99585,"date":"2023-08-04T13:48:04","date_gmt":"2023-08-04T11:48:04","guid":{"rendered":"https:\/\/kidsonthemoon.com\/?post_type=product&#038;p=99585"},"modified":"2025-08-06T09:02:51","modified_gmt":"2025-08-06T07:02:51","slug":"bluzka-moonlight-sample","status":"publish","type":"product","link":"https:\/\/kidsonthemoon.com\/pl\/produkt\/bluzka-moonlight-sample\/","title":{"rendered":"bluzka Moonlight, sample"},"content":{"rendered":"","protected":false},"excerpt":{"rendered":"<div class=\"woocommerce-product-details__short-description\">\n<p>Bawe\u0142niana bluzka w pi\u0119kna niebiesk\u0105 krat\u0119, z okr\u0105g\u0142ym dekoltem. \u015aci\u0105gana w pasie, przez co tworzy si\u0119 dekoracyjna falbana. Bawe\u0142niany, mi\u0142y w dotyku, przewiewny materia\u0142.<\/p>\n<p>Sk\u0142ad: 100% bawe\u0142na<\/p>\n<\/div>\n<form class=\"variations_form cart wvs-loaded\" style=\"box-sizing: border-box; border-top: 1px solid var(--border-color); border-right: none; border-bottom: none; border-left: none; border-image: initial; font-size: 16px; text-align: start; line-height: inherit; color: #504e4a; font-family: Lato, Lato, -apple-system, BlinkMacSystemFont, 'Segoe UI', Roboto, Helvetica, Arial, sans-serif, 'Apple Color Emoji', 'Segoe UI Emoji', 'Segoe UI Symbol'; font-style: normal; font-variant-ligatures: normal; font-variant-caps: normal; font-weight: 400; letter-spacing: normal; orphans: 2; text-indent: 0px; text-transform: none; widows: 2; word-spacing: 0px; -webkit-text-stroke-width: 0px; white-space: normal; background-color: #ffffff; text-decoration-thickness: initial; text-decoration-style: initial; text-decoration-color: initial; padding: var(--product-element-spacing, 35px) 0px 0px 0px; margin: var(--product-element-spacing, 35px) 0px 0px 0px;\" action=\"https:\/\/kidsonthemoon.com\/produkt\/bluzka-dziewczeca-moonlight\/\" enctype=\"multipart\/form-data\" method=\"post\" data-product_id=\"28421\" data-product_variations=\"[{&quot;attributes&quot;:{&quot;attribute_pa_rozmiar&quot;:&quot;4&quot;},&quot;availability_html&quot;:&quot;\n\n\n<p class=\\&quot;stock in-stock\\&quot;>Na stanie<\\\/p>\\n&quot;,&quot;backorders_allowed&quot;:false,&quot;dimensions&quot;:{&quot;length&quot;:&quot;&quot;,&quot;width&quot;:&quot;&quot;,&quot;height&quot;:&quot;&quot;},&quot;dimensions_html&quot;:&quot;Brak danych&quot;,&quot;display_price&quot;:159,&quot;display_regular_price&quot;:159,&quot;image&quot;:{&quot;title&quot;:&quot;bluzka dziewcz\\u0119ca moonlight&quot;,&quot;caption&quot;:&quot;&quot;,&quot;url&quot;:&quot;https:\\\/\\\/kidsonthemoon.com\\\/wp-content\\\/uploads\\\/2021\\\/02\\\/bluzka-dziewczeca-moonlight-4.jpg&quot;,&quot;alt&quot;:&quot;bluzka dziewcz\\u0119ca moonlight&quot;,&quot;src&quot;:&quot;https:\\\/\\\/kidsonthemoon.com\\\/wp-content\\\/uploads\\\/2021\\\/02\\\/bluzka-dziewczeca-moonlight-4-800&#215;1120.jpg&quot;,&quot;srcset&quot;:&quot;https:\\\/\\\/kidsonthemoon.com\\\/wp-content\\\/uploads\\\/2021\\\/02\\\/bluzka-dziewczeca-moonlight-4-800&#215;1120.jpg 800w, https:\\\/\\\/kidsonthemoon.com\\\/wp-content\\\/uploads\\\/2021\\\/02\\\/bluzka-dziewczeca-moonlight-4-214&#215;300.jpg 214w, https:\\\/\\\/kidsonthemoon.com\\\/wp-content\\\/uploads\\\/2021\\\/02\\\/bluzka-dziewczeca-moonlight-4-731&#215;1024.jpg 731w, https:\\\/\\\/kidsonthemoon.com\\\/wp-content\\\/uploads\\\/2021\\\/02\\\/bluzka-dziewczeca-moonlight-4-768&#215;1075.jpg 768w, https:\\\/\\\/kidsonthemoon.com\\\/wp-content\\\/uploads\\\/2021\\\/02\\\/bluzka-dziewczeca-moonlight-4.jpg 1000w&quot;,&quot;sizes&quot;:&quot;(max-width: 800px) 100vw, 800px&quot;,&quot;full_src&quot;:&quot;https:\\\/\\\/kidsonthemoon.com\\\/wp-content\\\/uploads\\\/2021\\\/02\\\/bluzka-dziewczeca-moonlight-4.jpg&quot;,&quot;full_src_w&quot;:1000,&quot;full_src_h&quot;:1400,&quot;gallery_thumbnail_src&quot;:&quot;https:\\\/\\\/kidsonthemoon.com\\\/wp-content\\\/uploads\\\/2021\\\/02\\\/bluzka-dziewczeca-moonlight-4-100&#215;100.jpg&quot;,&quot;gallery_thumbnail_src_w&quot;:100,&quot;gallery_thumbnail_src_h&quot;:100,&quot;thumb_src&quot;:&quot;https:\\\/\\\/kidsonthemoon.com\\\/wp-content\\\/uploads\\\/2021\\\/02\\\/bluzka-dziewczeca-moonlight-4-600&#215;800.jpg&quot;,&quot;thumb_src_w&quot;:600,&quot;thumb_src_h&quot;:800,&quot;src_w&quot;:800,&quot;src_h&quot;:1120},&quot;image_id&quot;:28423,&quot;is_downloadable&quot;:false,&quot;is_in_stock&quot;:true,&quot;is_purchasable&quot;:true,&quot;is_sold_individually&quot;:&quot;no&quot;,&quot;is_virtual&quot;:false,&quot;max_qty&quot;:2,&quot;min_qty&quot;:1,&quot;price_html&quot;:&quot;&quot;,&quot;sku&quot;:&quot;KAT03908&quot;,&quot;variation_description&quot;:&quot;&quot;,&quot;variation_id&quot;:28428,&quot;variation_is_active&quot;:true,&quot;variation_is_visible&quot;:true,&quot;weight&quot;:&quot;&quot;,&quot;weight_html&quot;:&quot;Brak danych&quot;,&quot;blocksy_original_image&quot;:{&quot;title&quot;:&quot;bluzka dziewcz\\u0119ca moonlight&quot;,&quot;caption&quot;:&quot;&quot;,&quot;alt&quot;:&quot;bluzka dziewcz\\u0119ca moonlight&quot;,&quot;src&quot;:&quot;https:\\\/\\\/kidsonthemoon.com\\\/wp-content\\\/uploads\\\/2021\\\/02\\\/bluzka-dziewczeca-moonlight-4-800&#215;1120.jpg&quot;,&quot;srcset&quot;:&quot;https:\\\/\\\/kidsonthemoon.com\\\/wp-content\\\/uploads\\\/2021\\\/02\\\/bluzka-dziewczeca-moonlight-4-800&#215;1120.jpg 800w, https:\\\/\\\/kidsonthemoon.com\\\/wp-content\\\/uploads\\\/2021\\\/02\\\/bluzka-dziewczeca-moonlight-4-214&#215;300.jpg 214w, https:\\\/\\\/kidsonthemoon.com\\\/wp-content\\\/uploads\\\/2021\\\/02\\\/bluzka-dziewczeca-moonlight-4-731&#215;1024.jpg 731w, https:\\\/\\\/kidsonthemoon.com\\\/wp-content\\\/uploads\\\/2021\\\/02\\\/bluzka-dziewczeca-moonlight-4-768&#215;1075.jpg 768w, https:\\\/\\\/kidsonthemoon.com\\\/wp-content\\\/uploads\\\/2021\\\/02\\\/bluzka-dziewczeca-moonlight-4.jpg 1000w&quot;,&quot;sizes&quot;:&quot;(max-width: 800px) 100vw, 800px&quot;,&quot;full_src&quot;:&quot;https:\\\/\\\/kidsonthemoon.com\\\/wp-content\\\/uploads\\\/2021\\\/02\\\/bluzka-dziewczeca-moonlight-4.jpg&quot;,&quot;full_src_w&quot;:1000,&quot;full_src_h&quot;:1400,&quot;gallery_thumbnail_src&quot;:&quot;https:\\\/\\\/kidsonthemoon.com\\\/wp-content\\\/uploads\\\/2021\\\/02\\\/bluzka-dziewczeca-moonlight-4-100&#215;100.jpg&quot;,&quot;gallery_thumbnail_src_w&quot;:100,&quot;gallery_thumbnail_src_h&quot;:100,&quot;thumb_src&quot;:&quot;https:\\\/\\\/kidsonthemoon.com\\\/wp-content\\\/uploads\\\/2021\\\/02\\\/bluzka-dziewczeca-moonlight-4-600&#215;800.jpg&quot;,&quot;thumb_src_w&quot;:600,&quot;thumb_src_h&quot;:800,&quot;src_w&quot;:800,&quot;src_h&quot;:1120,&quot;id&quot;:&quot;28423&quot;},&quot;blocksy_gallery_source&quot;:&quot;default&quot;,&quot;google_analytics_integration&quot;:{&quot;id&quot;:&quot;KAT03908&quot;,&quot;variant&quot;:&quot;Rozmiar: 4&quot;}},{&quot;attributes&quot;:{&quot;attribute_pa_rozmiar&quot;:&quot;7&quot;},&quot;availability_html&quot;:&quot;<\/p>\n<p class=\\&quot;stock in-stock\\&quot;>Na stanie<\\\/p>\\n&quot;,&quot;backorders_allowed&quot;:false,&quot;dimensions&quot;:{&quot;length&quot;:&quot;&quot;,&quot;width&quot;:&quot;&quot;,&quot;height&quot;:&quot;&quot;},&quot;dimensions_html&quot;:&quot;Brak danych&quot;,&quot;display_price&quot;:159,&quot;display_regular_price&quot;:159,&quot;image&quot;:{&quot;title&quot;:&quot;bluzka dziewcz\\u0119ca moonlight&quot;,&quot;caption&quot;:&quot;&quot;,&quot;url&quot;:&quot;https:\\\/\\\/kidsonthemoon.com\\\/wp-content\\\/uploads\\\/2021\\\/02\\\/bluzka-dziewczeca-moonlight-4.jpg&quot;,&quot;alt&quot;:&quot;bluzka dziewcz\\u0119ca moonlight&quot;,&quot;src&quot;:&quot;https:\\\/\\\/kidsonthemoon.com\\\/wp-content\\\/uploads\\\/2021\\\/02\\\/bluzka-dziewczeca-moonlight-4-800&#215;1120.jpg&quot;,&quot;srcset&quot;:&quot;https:\\\/\\\/kidsonthemoon.com\\\/wp-content\\\/uploads\\\/2021\\\/02\\\/bluzka-dziewczeca-moonlight-4-800&#215;1120.jpg 800w, https:\\\/\\\/kidsonthemoon.com\\\/wp-content\\\/uploads\\\/2021\\\/02\\\/bluzka-dziewczeca-moonlight-4-214&#215;300.jpg 214w, https:\\\/\\\/kidsonthemoon.com\\\/wp-content\\\/uploads\\\/2021\\\/02\\\/bluzka-dziewczeca-moonlight-4-731&#215;1024.jpg 731w, https:\\\/\\\/kidsonthemoon.com\\\/wp-content\\\/uploads\\\/2021\\\/02\\\/bluzka-dziewczeca-moonlight-4-768&#215;1075.jpg 768w, https:\\\/\\\/kidsonthemoon.com\\\/wp-content\\\/uploads\\\/2021\\\/02\\\/bluzka-dziewczeca-moonlight-4.jpg 1000w&quot;,&quot;sizes&quot;:&quot;(max-width: 800px) 100vw, 800px&quot;,&quot;full_src&quot;:&quot;https:\\\/\\\/kidsonthemoon.com\\\/wp-content\\\/uploads\\\/2021\\\/02\\\/bluzka-dziewczeca-moonlight-4.jpg&quot;,&quot;full_src_w&quot;:1000,&quot;full_src_h&quot;:1400,&quot;gallery_thumbnail_src&quot;:&quot;https:\\\/\\\/kidsonthemoon.com\\\/wp-content\\\/uploads\\\/2021\\\/02\\\/bluzka-dziewczeca-moonlight-4-100&#215;100.jpg&quot;,&quot;gallery_thumbnail_src_w&quot;:100,&quot;gallery_thumbnail_src_h&quot;:100,&quot;thumb_src&quot;:&quot;https:\\\/\\\/kidsonthemoon.com\\\/wp-content\\\/uploads\\\/2021\\\/02\\\/bluzka-dziewczeca-moonlight-4-600&#215;800.jpg&quot;,&quot;thumb_src_w&quot;:600,&quot;thumb_src_h&quot;:800,&quot;src_w&quot;:800,&quot;src_h&quot;:1120},&quot;image_id&quot;:28423,&quot;is_downloadable&quot;:false,&quot;is_in_stock&quot;:true,&quot;is_purchasable&quot;:true,&quot;is_sold_individually&quot;:&quot;no&quot;,&quot;is_virtual&quot;:false,&quot;max_qty&quot;:1,&quot;min_qty&quot;:1,&quot;price_html&quot;:&quot;&quot;,&quot;sku&quot;:&quot;KAT03911&quot;,&quot;variation_description&quot;:&quot;&quot;,&quot;variation_id&quot;:28431,&quot;variation_is_active&quot;:true,&quot;variation_is_visible&quot;:true,&quot;weight&quot;:&quot;&quot;,&quot;weight_html&quot;:&quot;Brak danych&quot;,&quot;blocksy_original_image&quot;:{&quot;title&quot;:&quot;bluzka dziewcz\\u0119ca moonlight&quot;,&quot;caption&quot;:&quot;&quot;,&quot;alt&quot;:&quot;bluzka dziewcz\\u0119ca moonlight&quot;,&quot;src&quot;:&quot;https:\\\/\\\/kidsonthemoon.com\\\/wp-content\\\/uploads\\\/2021\\\/02\\\/bluzka-dziewczeca-moonlight-4-800&#215;1120.jpg&quot;,&quot;srcset&quot;:&quot;https:\\\/\\\/kidsonthemoon.com\\\/wp-content\\\/uploads\\\/2021\\\/02\\\/bluzka-dziewczeca-moonlight-4-800&#215;1120.jpg 800w, https:\\\/\\\/kidsonthemoon.com\\\/wp-content\\\/uploads\\\/2021\\\/02\\\/bluzka-dziewczeca-moonlight-4-214&#215;300.jpg 214w, https:\\\/\\\/kidsonthemoon.com\\\/wp-content\\\/uploads\\\/2021\\\/02\\\/bluzka-dziewczeca-moonlight-4-731&#215;1024.jpg 731w, https:\\\/\\\/kidsonthemoon.com\\\/wp-content\\\/uploads\\\/2021\\\/02\\\/bluzka-dziewczeca-moonlight-4-768&#215;1075.jpg 768w, https:\\\/\\\/kidsonthemoon.com\\\/wp-content\\\/uploads\\\/2021\\\/02\\\/bluzka-dziewczeca-moonlight-4.jpg 1000w&quot;,&quot;sizes&quot;:&quot;(max-width: 800px) 100vw, 800px&quot;,&quot;full_src&quot;:&quot;https:\\\/\\\/kidsonthemoon.com\\\/wp-content\\\/uploads\\\/2021\\\/02\\\/bluzka-dziewczeca-moonlight-4.jpg&quot;,&quot;full_src_w&quot;:1000,&quot;full_src_h&quot;:1400,&quot;gallery_thumbnail_src&quot;:&quot;https:\\\/\\\/kidsonthemoon.com\\\/wp-content\\\/uploads\\\/2021\\\/02\\\/bluzka-dziewczeca-moonlight-4-100&#215;100.jpg&quot;,&quot;gallery_thumbnail_src_w&quot;:100,&quot;gallery_thumbnail_src_h&quot;:100,&quot;thumb_src&quot;:&quot;https:\\\/\\\/kidsonthemoon.com\\\/wp-content\\\/uploads\\\/2021\\\/02\\\/bluzka-dziewczeca-moonlight-4-600&#215;800.jpg&quot;,&quot;thumb_src_w&quot;:600,&quot;thumb_src_h&quot;:800,&quot;src_w&quot;:800,&quot;src_h&quot;:1120,&quot;id&quot;:&quot;28423&quot;},&quot;blocksy_gallery_source&quot;:&quot;default&quot;,&quot;google_analytics_integration&quot;:{&quot;id&quot;:&quot;KAT03911&quot;,&quot;variant&quot;:&quot;Rozmiar: 7&quot;}},{&quot;attributes&quot;:{&quot;attribute_pa_rozmiar&quot;:&quot;2&quot;},&quot;availability_html&quot;:&quot;<\/p>\n<p class=\\&quot;stock in-stock\\&quot;>Na stanie<\\\/p>\\n&quot;,&quot;backorders_allowed&quot;:false,&quot;dimensions&quot;:{&quot;length&quot;:&quot;&quot;,&quot;width&quot;:&quot;&quot;,&quot;height&quot;:&quot;&quot;},&quot;dimensions_html&quot;:&quot;Brak danych&quot;,&quot;display_price&quot;:159,&quot;display_regular_price&quot;:159,&quot;image&quot;:{&quot;title&quot;:&quot;bluzka dziewcz\\u0119ca moonlight&quot;,&quot;caption&quot;:&quot;&quot;,&quot;url&quot;:&quot;https:\\\/\\\/kidsonthemoon.com\\\/wp-content\\\/uploads\\\/2021\\\/02\\\/bluzka-dziewczeca-moonlight-4.jpg&quot;,&quot;alt&quot;:&quot;bluzka dziewcz\\u0119ca moonlight&quot;,&quot;src&quot;:&quot;https:\\\/\\\/kidsonthemoon.com\\\/wp-content\\\/uploads\\\/2021\\\/02\\\/bluzka-dziewczeca-moonlight-4-800&#215;1120.jpg&quot;,&quot;srcset&quot;:&quot;https:\\\/\\\/kidsonthemoon.com\\\/wp-content\\\/uploads\\\/2021\\\/02\\\/bluzka-dziewczeca-moonlight-4-800&#215;1120.jpg 800w, https:\\\/\\\/kidsonthemoon.com\\\/wp-content\\\/uploads\\\/2021\\\/02\\\/bluzka-dziewczeca-moonlight-4-214&#215;300.jpg 214w, https:\\\/\\\/kidsonthemoon.com\\\/wp-content\\\/uploads\\\/2021\\\/02\\\/bluzka-dziewczeca-moonlight-4-731&#215;1024.jpg 731w, https:\\\/\\\/kidsonthemoon.com\\\/wp-content\\\/uploads\\\/2021\\\/02\\\/bluzka-dziewczeca-moonlight-4-768&#215;1075.jpg 768w, https:\\\/\\\/kidsonthemoon.com\\\/wp-content\\\/uploads\\\/2021\\\/02\\\/bluzka-dziewczeca-moonlight-4.jpg 1000w&quot;,&quot;sizes&quot;:&quot;(max-width: 800px) 100vw, 800px&quot;,&quot;full_src&quot;:&quot;https:\\\/\\\/kidsonthemoon.com\\\/wp-content\\\/uploads\\\/2021\\\/02\\\/bluzka-dziewczeca-moonlight-4.jpg&quot;,&quot;full_src_w&quot;:1000,&quot;full_src_h&quot;:1400,&quot;gallery_thumbnail_src&quot;:&quot;https:\\\/\\\/kidsonthemoon.com\\\/wp-content\\\/uploads\\\/2021\\\/02\\\/bluzka-dziewczeca-moonlight-4-100&#215;100.jpg&quot;,&quot;gallery_thumbnail_src_w&quot;:100,&quot;gallery_thumbnail_src_h&quot;:100,&quot;thumb_src&quot;:&quot;https:\\\/\\\/kidsonthemoon.com\\\/wp-content\\\/uploads\\\/2021\\\/02\\\/bluzka-dziewczeca-moonlight-4-600&#215;800.jpg&quot;,&quot;thumb_src_w&quot;:600,&quot;thumb_src_h&quot;:800,&quot;src_w&quot;:800,&quot;src_h&quot;:1120},&quot;image_id&quot;:28423,&quot;is_downloadable&quot;:false,&quot;is_in_stock&quot;:true,&quot;is_purchasable&quot;:true,&quot;is_sold_individually&quot;:&quot;no&quot;,&quot;is_virtual&quot;:false,&quot;max_qty&quot;:2,&quot;min_qty&quot;:1,&quot;price_html&quot;:&quot;&quot;,&quot;sku&quot;:&quot;KAT03906&quot;,&quot;variation_description&quot;:&quot;&quot;,&quot;variation_id&quot;:28435,&quot;variation_is_active&quot;:true,&quot;variation_is_visible&quot;:true,&quot;weight&quot;:&quot;&quot;,&quot;weight_html&quot;:&quot;Brak danych&quot;,&quot;blocksy_original_image&quot;:{&quot;title&quot;:&quot;bluzka dziewcz\\u0119ca moonlight&quot;,&quot;caption&quot;:&quot;&quot;,&quot;alt&quot;:&quot;bluzka dziewcz\\u0119ca moonlight&quot;,&quot;src&quot;:&quot;https:\\\/\\\/kidsonthemoon.com\\\/wp-content\\\/uploads\\\/2021\\\/02\\\/bluzka-dziewczeca-moonlight-4-800&#215;1120.jpg&quot;,&quot;srcset&quot;:&quot;https:\\\/\\\/kidsonthemoon.com\\\/wp-content\\\/uploads\\\/2021\\\/02\\\/bluzka-dziewczeca-moonlight-4-800&#215;1120.jpg 800w, https:\\\/\\\/kidsonthemoon.com\\\/wp-content\\\/uploads\\\/2021\\\/02\\\/bluzka-dziewczeca-moonlight-4-214&#215;300.jpg 214w, https:\\\/\\\/kidsonthemoon.com\\\/wp-content\\\/uploads\\\/2021\\\/02\\\/bluzka-dziewczeca-moonlight-4-731&#215;1024.jpg 731w, https:\\\/\\\/kidsonthemoon.com\\\/wp-content\\\/uploads\\\/2021\\\/02\\\/bluzka-dziewczeca-moonlight-4-768&#215;1075.jpg 768w, https:\\\/\\\/kidsonthemoon.com\\\/wp-content\\\/uploads\\\/2021\\\/02\\\/bluzka-dziewczeca-moonlight-4.jpg 1000w&quot;,&quot;sizes&quot;:&quot;(max-width: 800px) 100vw, 800px&quot;,&quot;full_src&quot;:&quot;https:\\\/\\\/kidsonthemoon.com\\\/wp-content\\\/uploads\\\/2021\\\/02\\\/bluzka-dziewczeca-moonlight-4.jpg&quot;,&quot;full_src_w&quot;:1000,&quot;full_src_h&quot;:1400,&quot;gallery_thumbnail_src&quot;:&quot;https:\\\/\\\/kidsonthemoon.com\\\/wp-content\\\/uploads\\\/2021\\\/02\\\/bluzka-dziewczeca-moonlight-4-100&#215;100.jpg&quot;,&quot;gallery_thumbnail_src_w&quot;:100,&quot;gallery_thumbnail_src_h&quot;:100,&quot;thumb_src&quot;:&quot;https:\\\/\\\/kidsonthemoon.com\\\/wp-content\\\/uploads\\\/2021\\\/02\\\/bluzka-dziewczeca-moonlight-4-600&#215;800.jpg&quot;,&quot;thumb_src_w&quot;:600,&quot;thumb_src_h&quot;:800,&quot;src_w&quot;:800,&quot;src_h&quot;:1120,&quot;id&quot;:&quot;28423&quot;},&quot;blocksy_gallery_source&quot;:&quot;default&quot;,&quot;google_analytics_integration&quot;:{&quot;id&quot;:&quot;KAT03906&quot;,&quot;variant&quot;:&quot;Rozmiar: 2&quot;}}]&#8221;><\/p>\n<div data-product_id=\"28421\" data-threshold_min=\"30\" data-threshold_max=\"100\" data-total=\"9\">&nbsp;<\/div>\n<\/form>\n","protected":false},"featured_media":28423,"template":"","meta":{"_themeisle_gutenberg_block_has_review":false},"product_cat":[686],"product_tag":[],"acf":[],"yoast_head":"<!-- This site is optimized with the Yoast SEO plugin v21.2 - https:\/\/yoast.com\/wordpress\/plugins\/seo\/ -->\n<title>bluzka Moonlight, sample - Kids on the Moon<\/title>\n<meta name=\"robots\" content=\"index, follow, max-snippet:-1, max-image-preview:large, max-video-preview:-1\" \/>\n<link rel=\"canonical\" href=\"https:\/\/kidsonthemoon.com\/pl\/produkt\/bluzka-moonlight-sample\/\" \/>\n<meta property=\"og:locale\" content=\"pl_PL\" \/>\n<meta property=\"og:type\" content=\"article\" \/>\n<meta property=\"og:title\" content=\"bluzka Moonlight, sample - Kids on the Moon\" \/>\n<meta property=\"og:description\" content=\"Bawe\u0142niana bluzka w pi\u0119kna niebiesk\u0105 krat\u0119, z okr\u0105g\u0142ym dekoltem. \u015aci\u0105gana w pasie, przez co tworzy si\u0119 dekoracyjna falbana. Bawe\u0142niany, mi\u0142y w dotyku, przewiewny materia\u0142.  Sk\u0142ad: 100% bawe\u0142na    &nbsp;\" \/>\n<meta property=\"og:url\" content=\"https:\/\/kidsonthemoon.com\/pl\/produkt\/bluzka-moonlight-sample\/\" \/>\n<meta property=\"og:site_name\" content=\"Kids on the Moon\" \/>\n<meta property=\"article:publisher\" content=\"https:\/\/www.facebook.com\/Kids-on-the-Moon-223747864407076\" \/>\n<meta property=\"article:modified_time\" content=\"2025-08-06T07:02:51+00:00\" \/>\n<meta property=\"og:image\" content=\"https:\/\/kidsonthemoon.com\/wp-content\/uploads\/2021\/02\/bluzka-dziewczeca-moonlight-4.jpg\" \/>\n\t<meta property=\"og:image:width\" content=\"1000\" \/>\n\t<meta property=\"og:image:height\" content=\"1400\" \/>\n\t<meta property=\"og:image:type\" content=\"image\/jpeg\" \/>\n<meta name=\"twitter:card\" content=\"summary_large_image\" \/>\n<script type=\"application\/ld+json\" class=\"yoast-schema-graph\">{\"@context\":\"https:\/\/schema.org\",\"@graph\":[{\"@type\":\"WebPage\",\"@id\":\"https:\/\/kidsonthemoon.com\/pl\/produkt\/bluzka-moonlight-sample\/\",\"url\":\"https:\/\/kidsonthemoon.com\/pl\/produkt\/bluzka-moonlight-sample\/\",\"name\":\"bluzka Moonlight, sample - Kids on the Moon\",\"isPartOf\":{\"@id\":\"https:\/\/kidsonthemoon.com\/pl\/#website\"},\"datePublished\":\"2023-08-04T11:48:04+00:00\",\"dateModified\":\"2025-08-06T07:02:51+00:00\",\"breadcrumb\":{\"@id\":\"https:\/\/kidsonthemoon.com\/pl\/produkt\/bluzka-moonlight-sample\/#breadcrumb\"},\"inLanguage\":\"pl-PL\",\"potentialAction\":[{\"@type\":\"ReadAction\",\"target\":[\"https:\/\/kidsonthemoon.com\/pl\/produkt\/bluzka-moonlight-sample\/\"]}]},{\"@type\":\"BreadcrumbList\",\"@id\":\"https:\/\/kidsonthemoon.com\/pl\/produkt\/bluzka-moonlight-sample\/#breadcrumb\",\"itemListElement\":[{\"@type\":\"ListItem\",\"position\":1,\"name\":\"Strona g\u0142\u00f3wna\",\"item\":\"https:\/\/kidsonthemoon.com\/pl\/\"},{\"@type\":\"ListItem\",\"position\":2,\"name\":\"Sklep\",\"item\":\"https:\/\/kidsonthemoon.com\/pl\/sklep\/\"},{\"@type\":\"ListItem\",\"position\":3,\"name\":\"bluzka Moonlight, sample\"}]},{\"@type\":\"WebSite\",\"@id\":\"https:\/\/kidsonthemoon.com\/pl\/#website\",\"url\":\"https:\/\/kidsonthemoon.com\/pl\/\",\"name\":\"Kids on the Moon\",\"description\":\"odpowiedzialna moda dla dzieci | sklep online dla dzieci\",\"publisher\":{\"@id\":\"https:\/\/kidsonthemoon.com\/pl\/#organization\"},\"potentialAction\":[{\"@type\":\"SearchAction\",\"target\":{\"@type\":\"EntryPoint\",\"urlTemplate\":\"https:\/\/kidsonthemoon.com\/pl\/?s={search_term_string}\"},\"query-input\":\"required name=search_term_string\"}],\"inLanguage\":\"pl-PL\"},{\"@type\":\"Organization\",\"@id\":\"https:\/\/kidsonthemoon.com\/pl\/#organization\",\"name\":\"Kids on the Moon\",\"url\":\"https:\/\/kidsonthemoon.com\/pl\/\",\"logo\":{\"@type\":\"ImageObject\",\"inLanguage\":\"pl-PL\",\"@id\":\"https:\/\/kidsonthemoon.com\/pl\/#\/schema\/logo\/image\/\",\"url\":\"https:\/\/kidsonthemoon.com\/wp-content\/uploads\/2021\/02\/kotm_logo.png\",\"contentUrl\":\"https:\/\/kidsonthemoon.com\/wp-content\/uploads\/2021\/02\/kotm_logo.png\",\"width\":410,\"height\":47,\"caption\":\"Kids on the Moon\"},\"image\":{\"@id\":\"https:\/\/kidsonthemoon.com\/pl\/#\/schema\/logo\/image\/\"},\"sameAs\":[\"https:\/\/www.facebook.com\/Kids-on-the-Moon-223747864407076\",\"https:\/\/www.instagram.com\/kidsonthemoon\/\",\"https:\/\/pl.pinterest.com\/kotm2013\/pins\/\"]}]}<\/script>\n<!-- \/ Yoast SEO plugin. -->","yoast_head_json":{"title":"bluzka Moonlight, sample - Kids on the Moon","robots":{"index":"index","follow":"follow","max-snippet":"max-snippet:-1","max-image-preview":"max-image-preview:large","max-video-preview":"max-video-preview:-1"},"canonical":"https:\/\/kidsonthemoon.com\/pl\/produkt\/bluzka-moonlight-sample\/","og_locale":"pl_PL","og_type":"article","og_title":"bluzka Moonlight, sample - Kids on the Moon","og_description":"Bawe\u0142niana bluzka w pi\u0119kna niebiesk\u0105 krat\u0119, z okr\u0105g\u0142ym dekoltem. \u015aci\u0105gana w pasie, przez co tworzy si\u0119 dekoracyjna falbana. Bawe\u0142niany, mi\u0142y w dotyku, przewiewny materia\u0142.  Sk\u0142ad: 100% bawe\u0142na    &nbsp;","og_url":"https:\/\/kidsonthemoon.com\/pl\/produkt\/bluzka-moonlight-sample\/","og_site_name":"Kids on the Moon","article_publisher":"https:\/\/www.facebook.com\/Kids-on-the-Moon-223747864407076","article_modified_time":"2025-08-06T07:02:51+00:00","og_image":[{"width":1000,"height":1400,"url":"https:\/\/kidsonthemoon.com\/wp-content\/uploads\/2021\/02\/bluzka-dziewczeca-moonlight-4.jpg","type":"image\/jpeg"}],"twitter_card":"summary_large_image","schema":{"@context":"https:\/\/schema.org","@graph":[{"@type":"WebPage","@id":"https:\/\/kidsonthemoon.com\/pl\/produkt\/bluzka-moonlight-sample\/","url":"https:\/\/kidsonthemoon.com\/pl\/produkt\/bluzka-moonlight-sample\/","name":"bluzka Moonlight, sample - Kids on the Moon","isPartOf":{"@id":"https:\/\/kidsonthemoon.com\/pl\/#website"},"datePublished":"2023-08-04T11:48:04+00:00","dateModified":"2025-08-06T07:02:51+00:00","breadcrumb":{"@id":"https:\/\/kidsonthemoon.com\/pl\/produkt\/bluzka-moonlight-sample\/#breadcrumb"},"inLanguage":"pl-PL","potentialAction":[{"@type":"ReadAction","target":["https:\/\/kidsonthemoon.com\/pl\/produkt\/bluzka-moonlight-sample\/"]}]},{"@type":"BreadcrumbList","@id":"https:\/\/kidsonthemoon.com\/pl\/produkt\/bluzka-moonlight-sample\/#breadcrumb","itemListElement":[{"@type":"ListItem","position":1,"name":"Strona g\u0142\u00f3wna","item":"https:\/\/kidsonthemoon.com\/pl\/"},{"@type":"ListItem","position":2,"name":"Sklep","item":"https:\/\/kidsonthemoon.com\/pl\/sklep\/"},{"@type":"ListItem","position":3,"name":"bluzka Moonlight, sample"}]},{"@type":"WebSite","@id":"https:\/\/kidsonthemoon.com\/pl\/#website","url":"https:\/\/kidsonthemoon.com\/pl\/","name":"Kids on the Moon","description":"odpowiedzialna moda dla dzieci | sklep online dla dzieci","publisher":{"@id":"https:\/\/kidsonthemoon.com\/pl\/#organization"},"potentialAction":[{"@type":"SearchAction","target":{"@type":"EntryPoint","urlTemplate":"https:\/\/kidsonthemoon.com\/pl\/?s={search_term_string}"},"query-input":"required name=search_term_string"}],"inLanguage":"pl-PL"},{"@type":"Organization","@id":"https:\/\/kidsonthemoon.com\/pl\/#organization","name":"Kids on the Moon","url":"https:\/\/kidsonthemoon.com\/pl\/","logo":{"@type":"ImageObject","inLanguage":"pl-PL","@id":"https:\/\/kidsonthemoon.com\/pl\/#\/schema\/logo\/image\/","url":"https:\/\/kidsonthemoon.com\/wp-content\/uploads\/2021\/02\/kotm_logo.png","contentUrl":"https:\/\/kidsonthemoon.com\/wp-content\/uploads\/2021\/02\/kotm_logo.png","width":410,"height":47,"caption":"Kids on the Moon"},"image":{"@id":"https:\/\/kidsonthemoon.com\/pl\/#\/schema\/logo\/image\/"},"sameAs":["https:\/\/www.facebook.com\/Kids-on-the-Moon-223747864407076","https:\/\/www.instagram.com\/kidsonthemoon\/","https:\/\/pl.pinterest.com\/kotm2013\/pins\/"]}]}},"_links":{"self":[{"href":"https:\/\/kidsonthemoon.com\/pl\/wp-json\/wp\/v2\/product\/99585"}],"collection":[{"href":"https:\/\/kidsonthemoon.com\/pl\/wp-json\/wp\/v2\/product"}],"about":[{"href":"https:\/\/kidsonthemoon.com\/pl\/wp-json\/wp\/v2\/types\/product"}],"wp:featuredmedia":[{"embeddable":true,"href":"https:\/\/kidsonthemoon.com\/pl\/wp-json\/wp\/v2\/media\/28423"}],"wp:attachment":[{"href":"https:\/\/kidsonthemoon.com\/pl\/wp-json\/wp\/v2\/media?parent=99585"}],"wp:term":[{"taxonomy":"product_cat","embeddable":true,"href":"https:\/\/kidsonthemoon.com\/pl\/wp-json\/wp\/v2\/product_cat?post=99585"},{"taxonomy":"product_tag","embeddable":true,"href":"https:\/\/kidsonthemoon.com\/pl\/wp-json\/wp\/v2\/product_tag?post=99585"}],"curies":[{"name":"wp","href":"https:\/\/api.w.org\/{rel}","templated":true}]}}